{"id":12474,"date":"2023-02-23T16:28:35","date_gmt":"2023-02-23T15:28:35","guid":{"rendered":"http:\/\/cliniquedutilleul.vet\/?page_id=12474"},"modified":"2025-10-14T10:34:52","modified_gmt":"2025-10-14T08:34:52","slug":"conseil-en-nutrition","status":"publish","type":"page","link":"https:\/\/cliniquedutilleul.vet\/index.php\/conseil-en-nutrition\/","title":{"rendered":"conseil en nutrition"},"content":{"rendered":"\t\t<div data-elementor-type=\"wp-page\" data-elementor-id=\"12474\" class=\"elementor elementor-12474\">\n\t\t\t\t\t\t\t\t\t<section class=\"elementor-section elementor-top-section elementor-element elementor-element-bc5253a elementor-section-boxed elementor-section-height-default elementor-section-height-default\" data-id=\"bc5253a\" data-element_type=\"section\">\n\t\t\t\t\t\t<div class=\"elementor-container elementor-column-gap-default\">\n\t\t\t\t\t<div class=\"elementor-column elementor-col-100 elementor-top-column elementor-element elementor-element-11664e7\" data-id=\"11664e7\" data-element_type=\"column\">\n\t\t\t<div class=\"elementor-widget-wrap elementor-element-populated\">\n\t\t\t\t\t\t\t\t<div class=\"elementor-element elementor-element-2ccba4e elementor-widget elementor-widget-heading\" data-id=\"2ccba4e\" data-element_type=\"widget\" data-widget_type=\"heading.default\">\n\t\t\t\t<div class=\"elementor-widget-container\">\n\t\t\t<style>\/*! elementor - v3.12.1 - 02-04-2023 *\/\n.elementor-heading-title{padding:0;margin:0;line-height:1}.elementor-widget-heading .elementor-heading-title[class*=elementor-size-]>a{color:inherit;font-size:inherit;line-height:inherit}.elementor-widget-heading .elementor-heading-title.elementor-size-small{font-size:15px}.elementor-widget-heading .elementor-heading-title.elementor-size-medium{font-size:19px}.elementor-widget-heading .elementor-heading-title.elementor-size-large{font-size:29px}.elementor-widget-heading .elementor-heading-title.elementor-size-xl{font-size:39px}.elementor-widget-heading .elementor-heading-title.elementor-size-xxl{font-size:59px}<\/style><h1 class=\"elementor-heading-title elementor-size-default\">Conseil en nutrition<\/h1>\t\t<\/div>\n\t\t\t\t<\/div>\n\t\t\t\t\t<\/div>\n\t\t<\/div>\n\t\t\t\t\t\t\t<\/div>\n\t\t<\/section>\n\t\t\t\t<section class=\"elementor-section elementor-top-section elementor-element elementor-element-3a376df elementor-section-boxed elementor-section-height-default elementor-section-height-default\" data-id=\"3a376df\" data-element_type=\"section\">\n\t\t\t\t\t\t<div class=\"elementor-container elementor-column-gap-default\">\n\t\t\t\t\t<div class=\"elementor-column elementor-col-100 elementor-top-column elementor-element elementor-element-f1cdd0c\" data-id=\"f1cdd0c\" data-element_type=\"column\">\n\t\t\t<div class=\"elementor-widget-wrap elementor-element-populated\">\n\t\t\t\t\t\t\t\t<div class=\"elementor-element elementor-element-3f33290 elementor-widget elementor-widget-text-editor\" data-id=\"3f33290\" data-element_type=\"widget\" data-widget_type=\"text-editor.default\">\n\t\t\t\t<div class=\"elementor-widget-container\">\n\t\t\t<style>\/*! elementor - v3.12.1 - 02-04-2023 *\/\n.elementor-widget-text-editor.elementor-drop-cap-view-stacked .elementor-drop-cap{background-color:#69727d;color:#fff}.elementor-widget-text-editor.elementor-drop-cap-view-framed .elementor-drop-cap{color:#69727d;border:3px solid;background-color:transparent}.elementor-widget-text-editor:not(.elementor-drop-cap-view-default) .elementor-drop-cap{margin-top:8px}.elementor-widget-text-editor:not(.elementor-drop-cap-view-default) .elementor-drop-cap-letter{width:1em;height:1em}.elementor-widget-text-editor .elementor-drop-cap{float:left;text-align:center;line-height:1;font-size:50px}.elementor-widget-text-editor .elementor-drop-cap-letter{display:inline-block}<\/style>\t\t\t\t<p><span style=\"color: #000000;\">Chaque chien et chaque chat a des besoins nutritionnels sp\u00e9cifiques en fonction de sa race, sa taille, son sexe et son activit\u00e9. Ces besoins \u00e9voluent donc au cours de sa vie et peuvent \u00eatre \u00e9galement modifi\u00e9s en fonction de certaines pathologies.<\/span><\/p>\n<p><span style=\"color: #000000;\">Nos v\u00e9t\u00e9rinaires proposent des bilans nutritionnels personnalis\u00e9s pour choisir l&rsquo;alimentation la plus adapt\u00e9e \u00e0 votre animal, selon son \u00e9tat de sant\u00e9 et en collaboration avec vous, que ce soit en alimentation industrielle ou m\u00e9nag\u00e8re. Tarif d&rsquo;une consultation en nutrition : 60 euros. Tarif en cas d&rsquo;ajustement nutritionnel d&rsquo;un animal suivi en nutrition : 16 euros.<\/span><\/p>\t\t\t\t\t\t<\/div>\n\t\t\t\t<\/div>\n\t\t\t\t\t<\/div>\n\t\t<\/div>\n\t\t\t\t\t\t\t<\/div>\n\t\t<\/section>\n\t\t\t\t<section class=\"elementor-section elementor-top-section elementor-element elementor-element-6f98e88 elementor-section-boxed elementor-section-height-default elementor-section-height-default\" data-id=\"6f98e88\" data-element_type=\"section\">\n\t\t\t\t\t\t<div class=\"elementor-container elementor-column-gap-default\">\n\t\t\t\t\t<div class=\"elementor-column elementor-col-100 elementor-top-column elementor-element elementor-element-f42a83d\" data-id=\"f42a83d\" data-element_type=\"column\">\n\t\t\t<div class=\"elementor-widget-wrap elementor-element-populated\">\n\t\t\t\t\t\t\t\t<div class=\"elementor-element elementor-element-d896c61 elementor-widget elementor-widget-image\" data-id=\"d896c61\" data-element_type=\"widget\" data-widget_type=\"image.default\">\n\t\t\t\t<div class=\"elementor-widget-container\">\n\t\t\t<style>\/*! elementor - v3.12.1 - 02-04-2023 *\/\n.elementor-widget-image{text-align:center}.elementor-widget-image a{display:inline-block}.elementor-widget-image a img[src$=\".svg\"]{width:48px}.elementor-widget-image img{vertical-align:middle;display:inline-block}<\/style>\t\t\t\t\t\t\t\t\t\t\t\t<img loading=\"lazy\" decoding=\"async\" width=\"768\" height=\"379\" src=\"https:\/\/cliniquedutilleul.vet\/wp-content\/uploads\/2023\/02\/cropped-image-2-768x379.png\" class=\"attachment-medium_large size-medium_large wp-image-12607\" alt=\"\" srcset=\"https:\/\/cliniquedutilleul.vet\/wp-content\/uploads\/2023\/02\/cropped-image-2-768x379.png 768w, https:\/\/cliniquedutilleul.vet\/wp-content\/uploads\/2023\/02\/cropped-image-2-300x148.png 300w, https:\/\/cliniquedutilleul.vet\/wp-content\/uploads\/2023\/02\/cropped-image-2-1024x506.png 1024w, https:\/\/cliniquedutilleul.vet\/wp-content\/uploads\/2023\/02\/cropped-image-2-600x296.png 600w, https:\/\/cliniquedutilleul.vet\/wp-content\/uploads\/2023\/02\/cropped-image-2.png 1227w\" sizes=\"auto, (max-width: 768px) 100vw, 768px\" \/>\t\t\t\t\t\t\t\t\t\t\t\t\t\t\t<\/div>\n\t\t\t\t<\/div>\n\t\t\t\t\t<\/div>\n\t\t<\/div>\n\t\t\t\t\t\t\t<\/div>\n\t\t<\/section>\n\t\t\t\t\t\t\t<\/div>\n\t\t","protected":false},"excerpt":{"rendered":"<p>Conseil en nutrition Chaque chien et chaque chat a des besoins nutritionnels sp\u00e9cifiques en fonction de sa race, sa taille, son sexe et son activit\u00e9. Ces besoins \u00e9voluent donc au cours de sa vie et peuvent \u00eatre \u00e9galement modifi\u00e9s en fonction de certaines pathologies. Nos v\u00e9t\u00e9rinaires proposent des bilans nutritionnels personnalis\u00e9s pour choisir l&rsquo;alimentation la&#8230;<\/p>\n","protected":false},"author":2,"featured_media":0,"parent":0,"menu_order":0,"comment_status":"closed","ping_status":"closed","template":"","meta":{"_tbt_post_transparent":"","_tbt_post_title":"hide","_tbt_post_layout":"fullwidth","_tbt_post_sidebar_id":"","_tbt_post_content_style":"unboxed","_tbt_post_vertical_padding":"hide","_tbt_post_feature":"hide","_tbt_post_feature_position":"","_tbt_post_header":false,"_tbt_post_footer":false},"class_list":["post-12474","page","type-page","status-publish","hentry"],"_links":{"self":[{"href":"https:\/\/cliniquedutilleul.vet\/index.php\/wp-json\/wp\/v2\/pages\/12474","targetHints":{"allow":["GET"]}}],"collection":[{"href":"https:\/\/cliniquedutilleul.vet\/index.php\/wp-json\/wp\/v2\/pages"}],"about":[{"href":"https:\/\/cliniquedutilleul.vet\/index.php\/wp-json\/wp\/v2\/types\/page"}],"author":[{"embeddable":true,"href":"https:\/\/cliniquedutilleul.vet\/index.php\/wp-json\/wp\/v2\/users\/2"}],"replies":[{"embeddable":true,"href":"https:\/\/cliniquedutilleul.vet\/index.php\/wp-json\/wp\/v2\/comments?post=12474"}],"version-history":[{"count":22,"href":"https:\/\/cliniquedutilleul.vet\/index.php\/wp-json\/wp\/v2\/pages\/12474\/revisions"}],"predecessor-version":[{"id":13111,"href":"https:\/\/cliniquedutilleul.vet\/index.php\/wp-json\/wp\/v2\/pages\/12474\/revisions\/13111"}],"wp:attachment":[{"href":"https:\/\/cliniquedutilleul.vet\/index.php\/wp-json\/wp\/v2\/media?parent=12474"}],"curies":[{"name":"wp","href":"https:\/\/api.w.org\/{rel}","templated":true}]}}