{"id":12471,"date":"2023-02-23T16:28:35","date_gmt":"2023-02-23T15:28:35","guid":{"rendered":"http:\/\/cliniquedutilleul.vet\/?page_id=12471"},"modified":"2023-07-04T15:00:37","modified_gmt":"2023-07-04T13:00:37","slug":"brachycephales","status":"publish","type":"page","link":"https:\/\/cliniquedutilleul.vet\/index.php\/brachycephales\/","title":{"rendered":"brachyc\u00e9phales"},"content":{"rendered":"\t\t<div data-elementor-type=\"wp-page\" data-elementor-id=\"12471\" class=\"elementor elementor-12471\">\n\t\t\t\t\t\t\t\t\t<section class=\"elementor-section elementor-top-section elementor-element elementor-element-41b21fb elementor-section-boxed elementor-section-height-default elementor-section-height-default\" data-id=\"41b21fb\" data-element_type=\"section\">\n\t\t\t\t\t\t<div class=\"elementor-container elementor-column-gap-default\">\n\t\t\t\t\t<div class=\"elementor-column elementor-col-100 elementor-top-column elementor-element elementor-element-4fa6da9\" data-id=\"4fa6da9\" data-element_type=\"column\">\n\t\t\t<div class=\"elementor-widget-wrap elementor-element-populated\">\n\t\t\t\t\t\t\t\t<div class=\"elementor-element elementor-element-0728ebd elementor-widget elementor-widget-heading\" data-id=\"0728ebd\" data-element_type=\"widget\" data-widget_type=\"heading.default\">\n\t\t\t\t<div class=\"elementor-widget-container\">\n\t\t\t<style>\/*! elementor - v3.12.1 - 02-04-2023 *\/\n.elementor-heading-title{padding:0;margin:0;line-height:1}.elementor-widget-heading .elementor-heading-title[class*=elementor-size-]>a{color:inherit;font-size:inherit;line-height:inherit}.elementor-widget-heading .elementor-heading-title.elementor-size-small{font-size:15px}.elementor-widget-heading .elementor-heading-title.elementor-size-medium{font-size:19px}.elementor-widget-heading .elementor-heading-title.elementor-size-large{font-size:29px}.elementor-widget-heading .elementor-heading-title.elementor-size-xl{font-size:39px}.elementor-widget-heading .elementor-heading-title.elementor-size-xxl{font-size:59px}<\/style><h1 class=\"elementor-heading-title elementor-size-default\">Syndrome brachyc\u00e9phale<\/h1>\t\t<\/div>\n\t\t\t\t<\/div>\n\t\t\t\t\t<\/div>\n\t\t<\/div>\n\t\t\t\t\t\t\t<\/div>\n\t\t<\/section>\n\t\t\t\t<section class=\"elementor-section elementor-top-section elementor-element elementor-element-53fbe69 elementor-section-boxed elementor-section-height-default elementor-section-height-default\" data-id=\"53fbe69\" data-element_type=\"section\">\n\t\t\t\t\t\t<div class=\"elementor-container elementor-column-gap-default\">\n\t\t\t\t\t<div class=\"elementor-column elementor-col-100 elementor-top-column elementor-element elementor-element-644b1b6\" data-id=\"644b1b6\" data-element_type=\"column\">\n\t\t\t<div class=\"elementor-widget-wrap elementor-element-populated\">\n\t\t\t\t\t\t\t\t<div class=\"elementor-element elementor-element-f73d05f elementor-widget elementor-widget-image\" data-id=\"f73d05f\" data-element_type=\"widget\" data-widget_type=\"image.default\">\n\t\t\t\t<div class=\"elementor-widget-container\">\n\t\t\t<style>\/*! elementor - v3.12.1 - 02-04-2023 *\/\n.elementor-widget-image{text-align:center}.elementor-widget-image a{display:inline-block}.elementor-widget-image a img[src$=\".svg\"]{width:48px}.elementor-widget-image img{vertical-align:middle;display:inline-block}<\/style>\t\t\t\t\t\t\t\t\t\t\t\t<img loading=\"lazy\" decoding=\"async\" width=\"768\" height=\"512\" src=\"https:\/\/cliniquedutilleul.vet\/wp-content\/uploads\/2023\/06\/bulldog-7476727_960_720-768x512.jpg\" class=\"attachment-medium_large size-medium_large wp-image-12930\" alt=\"\" srcset=\"https:\/\/cliniquedutilleul.vet\/wp-content\/uploads\/2023\/06\/bulldog-7476727_960_720-768x512.jpg 768w, https:\/\/cliniquedutilleul.vet\/wp-content\/uploads\/2023\/06\/bulldog-7476727_960_720-300x200.jpg 300w, https:\/\/cliniquedutilleul.vet\/wp-content\/uploads\/2023\/06\/bulldog-7476727_960_720-600x400.jpg 600w, https:\/\/cliniquedutilleul.vet\/wp-content\/uploads\/2023\/06\/bulldog-7476727_960_720.jpg 960w\" sizes=\"auto, (max-width: 768px) 100vw, 768px\" \/>\t\t\t\t\t\t\t\t\t\t\t\t\t\t\t<\/div>\n\t\t\t\t<\/div>\n\t\t\t\t<div class=\"elementor-element elementor-element-5c6ea27 elementor-widget elementor-widget-text-editor\" data-id=\"5c6ea27\" data-element_type=\"widget\" data-widget_type=\"text-editor.default\">\n\t\t\t\t<div class=\"elementor-widget-container\">\n\t\t\t<style>\/*! elementor - v3.12.1 - 02-04-2023 *\/\n.elementor-widget-text-editor.elementor-drop-cap-view-stacked .elementor-drop-cap{background-color:#69727d;color:#fff}.elementor-widget-text-editor.elementor-drop-cap-view-framed .elementor-drop-cap{color:#69727d;border:3px solid;background-color:transparent}.elementor-widget-text-editor:not(.elementor-drop-cap-view-default) .elementor-drop-cap{margin-top:8px}.elementor-widget-text-editor:not(.elementor-drop-cap-view-default) .elementor-drop-cap-letter{width:1em;height:1em}.elementor-widget-text-editor .elementor-drop-cap{float:left;text-align:center;line-height:1;font-size:50px}.elementor-widget-text-editor .elementor-drop-cap-letter{display:inline-block}<\/style>\t\t\t\t<div style=\"text-align: center;\"><span style=\"color: #333333;\">Le syndrome brachyc\u00e9phale est le r\u00e9sultat de diff\u00e9rentes anomalies de conformation et de leurs s\u00e9quelles respectives chez les races dites brachyc\u00e9phales comme par exemple le bouledogue fran\u00e7ais, le bouledogue anglais et le carlin. Les malformations cong\u00e9nitales conduisent \u00e0 une compression des cavit\u00e9s nasales et \u00e0 une modification de l\u2019anatomie pharyngienne. Les modifications des tissus mous les plus fr\u00e9quentes sont la st\u00e9nose des narines et l\u2019hyperplasie du voile du palais.<\/span><\/div><div style=\"text-align: center;\"><span style=\"color: #333333;\">\u00a0<\/span><\/div><div style=\"text-align: center;\"><span style=\"color: #333333;\">Les chiens atteints d\u2019un tel syndrome sont souvent intol\u00e9rants \u00e0 l\u2019effort, \u00e0 la chaleur et au stress.<\/span><\/div><p style=\"text-align: center;\"><span style=\"color: #333333;\">Une prise en charge chirurgicale des jeunes animaux de ces races est souvent n\u00e9cessaire d\u00e8s l\u2019apparition des signes cliniques pour limiter les cons\u00e9quences (notamment cardio respiratoires mais aussi digestives) au long terme et am\u00e9liorer leur qualit\u00e9 de vie.<\/span><\/p><p style=\"text-align: center;\">N&rsquo;h\u00e9sitez pas \u00e0 demander conseil \u00e0 nos v\u00e9t\u00e9rinaires si votre chien fait partir de ces races \u00e0 risques.<\/p><p>Tarif d&rsquo;une chirurgie de st\u00e9nose des narines et raccourcissement du voile du palais : \u00e0 partir de 450 euros hors anesth\u00e9sie (devis sur demande).<\/p>\t\t\t\t\t\t<\/div>\n\t\t\t\t<\/div>\n\t\t\t\t\t<\/div>\n\t\t<\/div>\n\t\t\t\t\t\t\t<\/div>\n\t\t<\/section>\n\t\t\t\t<section class=\"elementor-section elementor-top-section elementor-element elementor-element-939a12c elementor-section-boxed elementor-section-height-default elementor-section-height-default\" data-id=\"939a12c\" data-element_type=\"section\">\n\t\t\t\t\t\t<div class=\"elementor-container elementor-column-gap-default\">\n\t\t\t\t\t<div class=\"elementor-column elementor-col-100 elementor-top-column elementor-element elementor-element-568fbdc\" data-id=\"568fbdc\" data-element_type=\"column\">\n\t\t\t<div class=\"elementor-widget-wrap elementor-element-populated\">\n\t\t\t\t\t\t\t\t<div class=\"elementor-element elementor-element-dd3c793 elementor-widget elementor-widget-image\" data-id=\"dd3c793\" data-element_type=\"widget\" data-widget_type=\"image.default\">\n\t\t\t\t<div class=\"elementor-widget-container\">\n\t\t\t\t\t\t\t\t\t\t\t\t\t\t\t<img loading=\"lazy\" decoding=\"async\" width=\"768\" height=\"379\" src=\"https:\/\/cliniquedutilleul.vet\/wp-content\/uploads\/2023\/02\/cropped-image-3-768x379.png\" class=\"attachment-medium_large size-medium_large wp-image-12610\" alt=\"\" srcset=\"https:\/\/cliniquedutilleul.vet\/wp-content\/uploads\/2023\/02\/cropped-image-3-768x379.png 768w, https:\/\/cliniquedutilleul.vet\/wp-content\/uploads\/2023\/02\/cropped-image-3-300x148.png 300w, https:\/\/cliniquedutilleul.vet\/wp-content\/uploads\/2023\/02\/cropped-image-3-1024x506.png 1024w, https:\/\/cliniquedutilleul.vet\/wp-content\/uploads\/2023\/02\/cropped-image-3-600x296.png 600w, https:\/\/cliniquedutilleul.vet\/wp-content\/uploads\/2023\/02\/cropped-image-3.png 1227w\" sizes=\"auto, (max-width: 768px) 100vw, 768px\" \/>\t\t\t\t\t\t\t\t\t\t\t\t\t\t\t<\/div>\n\t\t\t\t<\/div>\n\t\t\t\t\t<\/div>\n\t\t<\/div>\n\t\t\t\t\t\t\t<\/div>\n\t\t<\/section>\n\t\t\t\t\t\t\t<\/div>\n\t\t","protected":false},"excerpt":{"rendered":"<p>Syndrome brachyc\u00e9phale Le syndrome brachyc\u00e9phale est le r\u00e9sultat de diff\u00e9rentes anomalies de conformation et de leurs s\u00e9quelles respectives chez les races dites brachyc\u00e9phales comme par exemple le bouledogue fran\u00e7ais, le bouledogue anglais et le carlin. Les malformations cong\u00e9nitales conduisent \u00e0 une compression des cavit\u00e9s nasales et \u00e0 une modification de l\u2019anatomie pharyngienne. Les modifications des&#8230;<\/p>\n","protected":false},"author":2,"featured_media":0,"parent":0,"menu_order":0,"comment_status":"closed","ping_status":"closed","template":"","meta":{"_tbt_post_transparent":"","_tbt_post_title":"hide","_tbt_post_layout":"fullwidth","_tbt_post_sidebar_id":"","_tbt_post_content_style":"unboxed","_tbt_post_vertical_padding":"hide","_tbt_post_feature":"hide","_tbt_post_feature_position":"","_tbt_post_header":false,"_tbt_post_footer":false},"class_list":["post-12471","page","type-page","status-publish","hentry"],"_links":{"self":[{"href":"https:\/\/cliniquedutilleul.vet\/index.php\/wp-json\/wp\/v2\/pages\/12471","targetHints":{"allow":["GET"]}}],"collection":[{"href":"https:\/\/cliniquedutilleul.vet\/index.php\/wp-json\/wp\/v2\/pages"}],"about":[{"href":"https:\/\/cliniquedutilleul.vet\/index.php\/wp-json\/wp\/v2\/types\/page"}],"author":[{"embeddable":true,"href":"https:\/\/cliniquedutilleul.vet\/index.php\/wp-json\/wp\/v2\/users\/2"}],"replies":[{"embeddable":true,"href":"https:\/\/cliniquedutilleul.vet\/index.php\/wp-json\/wp\/v2\/comments?post=12471"}],"version-history":[{"count":10,"href":"https:\/\/cliniquedutilleul.vet\/index.php\/wp-json\/wp\/v2\/pages\/12471\/revisions"}],"predecessor-version":[{"id":12953,"href":"https:\/\/cliniquedutilleul.vet\/index.php\/wp-json\/wp\/v2\/pages\/12471\/revisions\/12953"}],"wp:attachment":[{"href":"https:\/\/cliniquedutilleul.vet\/index.php\/wp-json\/wp\/v2\/media?parent=12471"}],"curies":[{"name":"wp","href":"https:\/\/api.w.org\/{rel}","templated":true}]}}