{"id":12470,"date":"2023-02-23T16:28:35","date_gmt":"2023-02-23T15:28:35","guid":{"rendered":"http:\/\/cliniquedutilleul.vet\/?page_id=12470"},"modified":"2026-01-23T10:28:32","modified_gmt":"2026-01-23T09:28:32","slug":"dentisterie","status":"publish","type":"page","link":"https:\/\/cliniquedutilleul.vet\/index.php\/dentisterie\/","title":{"rendered":"dentisterie"},"content":{"rendered":"\t\t<div data-elementor-type=\"wp-page\" data-elementor-id=\"12470\" class=\"elementor elementor-12470\">\n\t\t\t\t\t\t\t\t\t<section class=\"elementor-section elementor-top-section elementor-element elementor-element-0a4fc86 elementor-section-boxed elementor-section-height-default elementor-section-height-default\" data-id=\"0a4fc86\" data-element_type=\"section\">\n\t\t\t\t\t\t<div class=\"elementor-container elementor-column-gap-default\">\n\t\t\t\t\t<div class=\"elementor-column elementor-col-100 elementor-top-column elementor-element elementor-element-5680ff7\" data-id=\"5680ff7\" data-element_type=\"column\">\n\t\t\t<div class=\"elementor-widget-wrap elementor-element-populated\">\n\t\t\t\t\t\t\t\t<div class=\"elementor-element elementor-element-6bdda8e elementor-widget elementor-widget-heading\" data-id=\"6bdda8e\" data-element_type=\"widget\" data-widget_type=\"heading.default\">\n\t\t\t\t<div class=\"elementor-widget-container\">\n\t\t\t<style>\/*! elementor - v3.12.1 - 02-04-2023 *\/\n.elementor-heading-title{padding:0;margin:0;line-height:1}.elementor-widget-heading .elementor-heading-title[class*=elementor-size-]>a{color:inherit;font-size:inherit;line-height:inherit}.elementor-widget-heading .elementor-heading-title.elementor-size-small{font-size:15px}.elementor-widget-heading .elementor-heading-title.elementor-size-medium{font-size:19px}.elementor-widget-heading .elementor-heading-title.elementor-size-large{font-size:29px}.elementor-widget-heading .elementor-heading-title.elementor-size-xl{font-size:39px}.elementor-widget-heading .elementor-heading-title.elementor-size-xxl{font-size:59px}<\/style><h1 class=\"elementor-heading-title elementor-size-default\">Dentisterie<\/h1>\t\t<\/div>\n\t\t\t\t<\/div>\n\t\t\t\t\t<\/div>\n\t\t<\/div>\n\t\t\t\t\t\t\t<\/div>\n\t\t<\/section>\n\t\t\t\t<section class=\"elementor-section elementor-top-section elementor-element elementor-element-961d72c elementor-section-boxed elementor-section-height-default elementor-section-height-default\" data-id=\"961d72c\" data-element_type=\"section\">\n\t\t\t\t\t\t<div class=\"elementor-container elementor-column-gap-default\">\n\t\t\t\t\t<div class=\"elementor-column elementor-col-100 elementor-top-column elementor-element elementor-element-36271b4\" data-id=\"36271b4\" data-element_type=\"column\">\n\t\t\t<div class=\"elementor-widget-wrap elementor-element-populated\">\n\t\t\t\t\t\t\t\t<div class=\"elementor-element elementor-element-3a6e312 elementor-widget elementor-widget-text-editor\" data-id=\"3a6e312\" data-element_type=\"widget\" data-widget_type=\"text-editor.default\">\n\t\t\t\t<div class=\"elementor-widget-container\">\n\t\t\t<style>\/*! elementor - v3.12.1 - 02-04-2023 *\/\n.elementor-widget-text-editor.elementor-drop-cap-view-stacked .elementor-drop-cap{background-color:#69727d;color:#fff}.elementor-widget-text-editor.elementor-drop-cap-view-framed .elementor-drop-cap{color:#69727d;border:3px solid;background-color:transparent}.elementor-widget-text-editor:not(.elementor-drop-cap-view-default) .elementor-drop-cap{margin-top:8px}.elementor-widget-text-editor:not(.elementor-drop-cap-view-default) .elementor-drop-cap-letter{width:1em;height:1em}.elementor-widget-text-editor .elementor-drop-cap{float:left;text-align:center;line-height:1;font-size:50px}.elementor-widget-text-editor .elementor-drop-cap-letter{display:inline-block}<\/style>\t\t\t\t<p style=\"text-align: center;\"><span style=\"color: #333333;\">Les probl\u00e8mes de bouche et de dents sont fr\u00e9quents chez les animaux domestiques, passent souvent inapercus dans un premier temps mais peuvent n\u00e9amnoins \u00eatre \u00e0 l&rsquo;origine de douleur<\/span><span style=\"color: #333333;\">. Comme pour les humains, une bonne hygi\u00e8ne bucco-dentaire est essentielle.<\/span><\/p><p style=\"text-align: center;\"><span style=\"color: #333333;\">Des aliments compl\u00e9mentaires ainsi que des d\u00e9tartrages r\u00e9guliers peuvent limiter notamment l&rsquo;apparition du tartre, principal responsable de la mauvaise haleine. <\/span><\/p><p style=\"text-align: center;\"><span style=\"color: #333333;\">N&rsquo;h\u00e9sitez pas \u00e0 demander conseil \u00e0 notre \u00e9quipe.<\/span><\/p>\t\t\t\t\t\t<\/div>\n\t\t\t\t<\/div>\n\t\t\t\t\t<\/div>\n\t\t<\/div>\n\t\t\t\t\t\t\t<\/div>\n\t\t<\/section>\n\t\t\t\t<section class=\"elementor-section elementor-top-section elementor-element elementor-element-a5fd383 animated-fast elementor-section-boxed elementor-section-height-default elementor-section-height-default elementor-invisible\" data-id=\"a5fd383\" data-element_type=\"section\" data-settings=\"{&quot;background_background&quot;:&quot;classic&quot;,&quot;animation&quot;:&quot;fadeInUp&quot;}\">\n\t\t\t\t\t\t<div class=\"elementor-container elementor-column-gap-default\">\n\t\t\t\t\t<div class=\"elementor-column elementor-col-100 elementor-top-column elementor-element elementor-element-896052d elementor-invisible\" data-id=\"896052d\" data-element_type=\"column\" data-settings=\"{&quot;background_background&quot;:&quot;classic&quot;,&quot;animation&quot;:&quot;fadeInUp&quot;}\">\n\t\t\t<div class=\"elementor-widget-wrap elementor-element-populated\">\n\t\t\t\t\t\t\t\t<div class=\"elementor-element elementor-element-fef89d5 elementor-widget elementor-widget-text-editor\" data-id=\"fef89d5\" data-element_type=\"widget\" data-widget_type=\"text-editor.default\">\n\t\t\t\t<div class=\"elementor-widget-container\">\n\t\t\t\t\t\t\t<p style=\"text-align: center;\"><span style=\"color: #333333;\"><span style=\"text-decoration: underline;\">D\u00e9tartrage chat<\/span> : 102\u20ac<\/span><\/p><p style=\"text-align: center;\"><span style=\"color: #333333;\"><span style=\"text-decoration: underline;\">D\u00e9tartrage chien<\/span> : de 121\u20ac \u00e0 168\u20ac selon le poids<\/span><\/p><p style=\"text-align: center;\"><span style=\"color: #333333;\"><span style=\"text-decoration: underline;\">Extraction dentaire<\/span> : 26\u20ac<\/span><\/p><p style=\"text-align: center;\"><span style=\"color: #333333;\"><span style=\"text-decoration: underline;\">Extraction carnassi\u00e8re<\/span> : 90\u20ac<\/span><\/p>\t\t\t\t\t\t<\/div>\n\t\t\t\t<\/div>\n\t\t\t\t\t<\/div>\n\t\t<\/div>\n\t\t\t\t\t\t\t<\/div>\n\t\t<\/section>\n\t\t\t\t<section class=\"elementor-section elementor-top-section elementor-element elementor-element-7fd067a elementor-section-boxed elementor-section-height-default elementor-section-height-default\" data-id=\"7fd067a\" data-element_type=\"section\">\n\t\t\t\t\t\t<div class=\"elementor-container elementor-column-gap-default\">\n\t\t\t\t\t<div class=\"elementor-column elementor-col-100 elementor-top-column elementor-element elementor-element-04aaa82 elementor-invisible\" data-id=\"04aaa82\" data-element_type=\"column\" data-settings=\"{&quot;animation&quot;:&quot;fadeInUp&quot;}\">\n\t\t\t<div class=\"elementor-widget-wrap elementor-element-populated\">\n\t\t\t\t\t\t\t\t<div class=\"elementor-element elementor-element-e904225 elementor-widget elementor-widget-image\" data-id=\"e904225\" data-element_type=\"widget\" data-widget_type=\"image.default\">\n\t\t\t\t<div class=\"elementor-widget-container\">\n\t\t\t<style>\/*! elementor - v3.12.1 - 02-04-2023 *\/\n.elementor-widget-image{text-align:center}.elementor-widget-image a{display:inline-block}.elementor-widget-image a img[src$=\".svg\"]{width:48px}.elementor-widget-image img{vertical-align:middle;display:inline-block}<\/style>\t\t\t\t\t\t\t\t\t\t\t\t<img loading=\"lazy\" decoding=\"async\" width=\"768\" height=\"379\" src=\"https:\/\/cliniquedutilleul.vet\/wp-content\/uploads\/2023\/02\/cropped-image-2-768x379.png\" class=\"attachment-medium_large size-medium_large wp-image-12607\" alt=\"\" srcset=\"https:\/\/cliniquedutilleul.vet\/wp-content\/uploads\/2023\/02\/cropped-image-2-768x379.png 768w, https:\/\/cliniquedutilleul.vet\/wp-content\/uploads\/2023\/02\/cropped-image-2-300x148.png 300w, https:\/\/cliniquedutilleul.vet\/wp-content\/uploads\/2023\/02\/cropped-image-2-1024x506.png 1024w, https:\/\/cliniquedutilleul.vet\/wp-content\/uploads\/2023\/02\/cropped-image-2-600x296.png 600w, https:\/\/cliniquedutilleul.vet\/wp-content\/uploads\/2023\/02\/cropped-image-2.png 1227w\" sizes=\"auto, (max-width: 768px) 100vw, 768px\" \/>\t\t\t\t\t\t\t\t\t\t\t\t\t\t\t<\/div>\n\t\t\t\t<\/div>\n\t\t\t\t\t<\/div>\n\t\t<\/div>\n\t\t\t\t\t\t\t<\/div>\n\t\t<\/section>\n\t\t\t\t\t\t\t<\/div>\n\t\t","protected":false},"excerpt":{"rendered":"<p>Dentisterie Les probl\u00e8mes de bouche et de dents sont fr\u00e9quents chez les animaux domestiques, passent souvent inapercus dans un premier temps mais peuvent n\u00e9amnoins \u00eatre \u00e0 l&rsquo;origine de douleur. Comme pour les humains, une bonne hygi\u00e8ne bucco-dentaire est essentielle. Des aliments compl\u00e9mentaires ainsi que des d\u00e9tartrages r\u00e9guliers peuvent limiter notamment l&rsquo;apparition du tartre, principal responsable&#8230;<\/p>\n","protected":false},"author":2,"featured_media":0,"parent":0,"menu_order":0,"comment_status":"closed","ping_status":"closed","template":"","meta":{"_tbt_post_transparent":"","_tbt_post_title":"hide","_tbt_post_layout":"fullwidth","_tbt_post_sidebar_id":"","_tbt_post_content_style":"unboxed","_tbt_post_vertical_padding":"hide","_tbt_post_feature":"hide","_tbt_post_feature_position":"","_tbt_post_header":false,"_tbt_post_footer":false},"class_list":["post-12470","page","type-page","status-publish","hentry"],"_links":{"self":[{"href":"https:\/\/cliniquedutilleul.vet\/index.php\/wp-json\/wp\/v2\/pages\/12470","targetHints":{"allow":["GET"]}}],"collection":[{"href":"https:\/\/cliniquedutilleul.vet\/index.php\/wp-json\/wp\/v2\/pages"}],"about":[{"href":"https:\/\/cliniquedutilleul.vet\/index.php\/wp-json\/wp\/v2\/types\/page"}],"author":[{"embeddable":true,"href":"https:\/\/cliniquedutilleul.vet\/index.php\/wp-json\/wp\/v2\/users\/2"}],"replies":[{"embeddable":true,"href":"https:\/\/cliniquedutilleul.vet\/index.php\/wp-json\/wp\/v2\/comments?post=12470"}],"version-history":[{"count":28,"href":"https:\/\/cliniquedutilleul.vet\/index.php\/wp-json\/wp\/v2\/pages\/12470\/revisions"}],"predecessor-version":[{"id":13135,"href":"https:\/\/cliniquedutilleul.vet\/index.php\/wp-json\/wp\/v2\/pages\/12470\/revisions\/13135"}],"wp:attachment":[{"href":"https:\/\/cliniquedutilleul.vet\/index.php\/wp-json\/wp\/v2\/media?parent=12470"}],"curies":[{"name":"wp","href":"https:\/\/api.w.org\/{rel}","templated":true}]}}