{"id":12467,"date":"2023-02-23T16:28:35","date_gmt":"2023-02-23T15:28:35","guid":{"rendered":"http:\/\/cliniquedutilleul.vet\/?page_id=12467"},"modified":"2026-01-23T10:20:34","modified_gmt":"2026-01-23T09:20:34","slug":"vaccinations","status":"publish","type":"page","link":"https:\/\/cliniquedutilleul.vet\/index.php\/vaccinations\/","title":{"rendered":"vaccinations"},"content":{"rendered":"\t\t<div data-elementor-type=\"wp-page\" data-elementor-id=\"12467\" class=\"elementor elementor-12467\">\n\t\t\t\t\t\t\t\t\t<section class=\"elementor-section elementor-top-section elementor-element elementor-element-3fd9fee elementor-section-boxed elementor-section-height-default elementor-section-height-default\" data-id=\"3fd9fee\" data-element_type=\"section\">\n\t\t\t\t\t\t<div class=\"elementor-container elementor-column-gap-default\">\n\t\t\t\t\t<div class=\"elementor-column elementor-col-100 elementor-top-column elementor-element elementor-element-768a2f0\" data-id=\"768a2f0\" data-element_type=\"column\">\n\t\t\t<div class=\"elementor-widget-wrap elementor-element-populated\">\n\t\t\t\t\t\t\t\t<div class=\"elementor-element elementor-element-ef3b3f2 elementor-widget elementor-widget-heading\" data-id=\"ef3b3f2\" data-element_type=\"widget\" data-widget_type=\"heading.default\">\n\t\t\t\t<div class=\"elementor-widget-container\">\n\t\t\t<style>\/*! elementor - v3.12.1 - 02-04-2023 *\/\n.elementor-heading-title{padding:0;margin:0;line-height:1}.elementor-widget-heading .elementor-heading-title[class*=elementor-size-]>a{color:inherit;font-size:inherit;line-height:inherit}.elementor-widget-heading .elementor-heading-title.elementor-size-small{font-size:15px}.elementor-widget-heading .elementor-heading-title.elementor-size-medium{font-size:19px}.elementor-widget-heading .elementor-heading-title.elementor-size-large{font-size:29px}.elementor-widget-heading .elementor-heading-title.elementor-size-xl{font-size:39px}.elementor-widget-heading .elementor-heading-title.elementor-size-xxl{font-size:59px}<\/style><h1 class=\"elementor-heading-title elementor-size-default\">Vaccinations<\/h1>\t\t<\/div>\n\t\t\t\t<\/div>\n\t\t\t\t\t<\/div>\n\t\t<\/div>\n\t\t\t\t\t\t\t<\/div>\n\t\t<\/section>\n\t\t\t\t<section class=\"elementor-section elementor-top-section elementor-element elementor-element-13f4603 elementor-section-boxed elementor-section-height-default elementor-section-height-default\" data-id=\"13f4603\" data-element_type=\"section\">\n\t\t\t\t\t\t<div class=\"elementor-container elementor-column-gap-default\">\n\t\t\t\t\t<div class=\"elementor-column elementor-col-100 elementor-top-column elementor-element elementor-element-580cdd4\" data-id=\"580cdd4\" data-element_type=\"column\">\n\t\t\t<div class=\"elementor-widget-wrap elementor-element-populated\">\n\t\t\t\t\t\t\t\t<div class=\"elementor-element elementor-element-1d13886 elementor-widget elementor-widget-image\" data-id=\"1d13886\" data-element_type=\"widget\" data-widget_type=\"image.default\">\n\t\t\t\t<div class=\"elementor-widget-container\">\n\t\t\t<style>\/*! elementor - v3.12.1 - 02-04-2023 *\/\n.elementor-widget-image{text-align:center}.elementor-widget-image a{display:inline-block}.elementor-widget-image a img[src$=\".svg\"]{width:48px}.elementor-widget-image img{vertical-align:middle;display:inline-block}<\/style>\t\t\t\t\t\t\t\t\t\t\t\t<img loading=\"lazy\" decoding=\"async\" width=\"433\" height=\"300\" src=\"https:\/\/cliniquedutilleul.vet\/wp-content\/uploads\/2022\/07\/animal-care-03.jpg\" class=\"attachment-medium_large size-medium_large wp-image-11681\" alt=\"\" srcset=\"https:\/\/cliniquedutilleul.vet\/wp-content\/uploads\/2022\/07\/animal-care-03.jpg 433w, https:\/\/cliniquedutilleul.vet\/wp-content\/uploads\/2022\/07\/animal-care-03-300x208.jpg 300w\" sizes=\"auto, (max-width: 433px) 100vw, 433px\" \/>\t\t\t\t\t\t\t\t\t\t\t\t\t\t\t<\/div>\n\t\t\t\t<\/div>\n\t\t\t\t<div class=\"elementor-element elementor-element-a0c8ec8 elementor-widget elementor-widget-text-editor\" data-id=\"a0c8ec8\" data-element_type=\"widget\" data-widget_type=\"text-editor.default\">\n\t\t\t\t<div class=\"elementor-widget-container\">\n\t\t\t<style>\/*! elementor - v3.12.1 - 02-04-2023 *\/\n.elementor-widget-text-editor.elementor-drop-cap-view-stacked .elementor-drop-cap{background-color:#69727d;color:#fff}.elementor-widget-text-editor.elementor-drop-cap-view-framed .elementor-drop-cap{color:#69727d;border:3px solid;background-color:transparent}.elementor-widget-text-editor:not(.elementor-drop-cap-view-default) .elementor-drop-cap{margin-top:8px}.elementor-widget-text-editor:not(.elementor-drop-cap-view-default) .elementor-drop-cap-letter{width:1em;height:1em}.elementor-widget-text-editor .elementor-drop-cap{float:left;text-align:center;line-height:1;font-size:50px}.elementor-widget-text-editor .elementor-drop-cap-letter{display:inline-block}<\/style>\t\t\t\t<p><span style=\"color: #000000;\">La vaccination des animaux de compagnie est essentielle pour leur sant\u00e9 et celle de la communaut\u00e9. Elle pr\u00e9vient les maladies graves et mortelles telles que la rage, la parvovirose et la maladie de Carr\u00e9 chez les chiens, ainsi que la leucose f\u00e9line et la panleucop\u00e9nie chez les chats. Les vaccins prot\u00e8gent \u00e9galement les humains, r\u00e9duisant le risque de transmission de maladies zoonotiques comme la rage. En plus d&rsquo;\u00e9viter des souffrances inutiles, la vaccination permet des \u00e9conomies sur les frais v\u00e9t\u00e9rinaires \u00e0 long terme. Elle aide \u00e0 pr\u00e9server la population animale, en particulier la faune sauvage. Les propri\u00e9taires b\u00e9n\u00e9ficient \u00e9galement d&rsquo;une tranquillit\u00e9 d&rsquo;esprit, sachant que leurs compagnons sont prot\u00e9g\u00e9s. Notre clinique v\u00e9t\u00e9rinaire propose des programmes de vaccination personnalis\u00e9s et est l\u00e0 pour r\u00e9pondre \u00e0 vos questions et besoins sp\u00e9cifiques. Prot\u00e9gez votre animal et la communaut\u00e9 en choisissant la vaccination. Contactez-nous d\u00e8s maintenant pour planifier une consultation et discuter de la meilleure approche pour votre compagnon fid\u00e8le.<\/span><\/p>\t\t\t\t\t\t<\/div>\n\t\t\t\t<\/div>\n\t\t\t\t\t<\/div>\n\t\t<\/div>\n\t\t\t\t\t\t\t<\/div>\n\t\t<\/section>\n\t\t\t\t<section class=\"elementor-section elementor-top-section elementor-element elementor-element-77d9ea2 elementor-section-boxed elementor-section-height-default elementor-section-height-default elementor-invisible\" data-id=\"77d9ea2\" data-element_type=\"section\" data-settings=\"{&quot;background_background&quot;:&quot;gradient&quot;,&quot;animation&quot;:&quot;fadeInUp&quot;}\">\n\t\t\t\t\t\t<div class=\"elementor-container elementor-column-gap-default\">\n\t\t\t\t\t<div class=\"elementor-column elementor-col-33 elementor-top-column elementor-element elementor-element-015af75 animated-slow elementor-invisible\" data-id=\"015af75\" data-element_type=\"column\" data-settings=\"{&quot;background_background&quot;:&quot;classic&quot;,&quot;animation&quot;:&quot;fadeInUp&quot;}\">\n\t\t\t<div class=\"elementor-widget-wrap elementor-element-populated\">\n\t\t\t\t\t\t\t\t<div class=\"elementor-element elementor-element-52fb394 elementor-widget elementor-widget-text-editor\" data-id=\"52fb394\" data-element_type=\"widget\" data-widget_type=\"text-editor.default\">\n\t\t\t\t<div class=\"elementor-widget-container\">\n\t\t\t\t\t\t\t<p><span style=\"color: #000000;\">Visite vaccinale chat : 78\u20ac<\/span><\/p><p><span style=\"color: #000000;\">Visite vaccinale chat avec rage : 84\u20ac<\/span><\/p>\t\t\t\t\t\t<\/div>\n\t\t\t\t<\/div>\n\t\t\t\t\t<\/div>\n\t\t<\/div>\n\t\t\t\t<div class=\"elementor-column elementor-col-33 elementor-top-column elementor-element elementor-element-0544bfd animated-slow elementor-invisible\" data-id=\"0544bfd\" data-element_type=\"column\" data-settings=\"{&quot;background_background&quot;:&quot;classic&quot;,&quot;animation&quot;:&quot;fadeInUp&quot;}\">\n\t\t\t<div class=\"elementor-widget-wrap elementor-element-populated\">\n\t\t\t\t\t\t\t\t<div class=\"elementor-element elementor-element-cfe4551 elementor-widget elementor-widget-text-editor\" data-id=\"cfe4551\" data-element_type=\"widget\" data-widget_type=\"text-editor.default\">\n\t\t\t\t<div class=\"elementor-widget-container\">\n\t\t\t\t\t\t\t<p><span style=\"color: #333333;\">Visite vaccinale chien : 69\u20ac<\/span><\/p><p><span style=\"color: #333333;\">Visite vaccinale chien avec rage : 84\u20ac<\/span><\/p><p><span style=\"color: #333333;\">Visite vaccinale chien avec toux de chenil : 88\u20ac et en injection 95\u20ac<\/span><\/p>\t\t\t\t\t\t<\/div>\n\t\t\t\t<\/div>\n\t\t\t\t\t<\/div>\n\t\t<\/div>\n\t\t\t\t<div class=\"elementor-column elementor-col-33 elementor-top-column elementor-element elementor-element-78a96a5 animated-slow elementor-invisible\" data-id=\"78a96a5\" data-element_type=\"column\" data-settings=\"{&quot;background_background&quot;:&quot;classic&quot;,&quot;animation&quot;:&quot;fadeInUp&quot;}\">\n\t\t\t<div class=\"elementor-widget-wrap elementor-element-populated\">\n\t\t\t\t\t\t\t\t<div class=\"elementor-element elementor-element-fb25e09 elementor-widget elementor-widget-text-editor\" data-id=\"fb25e09\" data-element_type=\"widget\" data-widget_type=\"text-editor.default\">\n\t\t\t\t<div class=\"elementor-widget-container\">\n\t\t\t\t\t\t\t<p><span style=\"color: #333333;\">Visite vaccinale lapin : 69\u20ac<\/span><\/p><p><span style=\"color: #333333;\">Visite vaccinale furet : 69\u20ac<\/span><\/p>\t\t\t\t\t\t<\/div>\n\t\t\t\t<\/div>\n\t\t\t\t\t<\/div>\n\t\t<\/div>\n\t\t\t\t\t\t\t<\/div>\n\t\t<\/section>\n\t\t\t\t<section class=\"elementor-section elementor-top-section elementor-element elementor-element-cf11f75 elementor-section-boxed elementor-section-height-default elementor-section-height-default\" data-id=\"cf11f75\" data-element_type=\"section\">\n\t\t\t\t\t\t<div class=\"elementor-container elementor-column-gap-default\">\n\t\t\t\t\t<div class=\"elementor-column elementor-col-100 elementor-top-column elementor-element elementor-element-9aacd80\" data-id=\"9aacd80\" data-element_type=\"column\">\n\t\t\t<div class=\"elementor-widget-wrap elementor-element-populated\">\n\t\t\t\t\t\t\t\t<div class=\"elementor-element elementor-element-b79b4c3 elementor-widget elementor-widget-image\" data-id=\"b79b4c3\" data-element_type=\"widget\" data-widget_type=\"image.default\">\n\t\t\t\t<div class=\"elementor-widget-container\">\n\t\t\t\t\t\t\t\t\t\t\t\t\t\t\t<img loading=\"lazy\" decoding=\"async\" width=\"768\" height=\"379\" src=\"https:\/\/cliniquedutilleul.vet\/wp-content\/uploads\/2023\/02\/cropped-image-2-768x379.png\" class=\"attachment-medium_large size-medium_large wp-image-12607\" alt=\"\" srcset=\"https:\/\/cliniquedutilleul.vet\/wp-content\/uploads\/2023\/02\/cropped-image-2-768x379.png 768w, https:\/\/cliniquedutilleul.vet\/wp-content\/uploads\/2023\/02\/cropped-image-2-300x148.png 300w, https:\/\/cliniquedutilleul.vet\/wp-content\/uploads\/2023\/02\/cropped-image-2-1024x506.png 1024w, https:\/\/cliniquedutilleul.vet\/wp-content\/uploads\/2023\/02\/cropped-image-2-600x296.png 600w, https:\/\/cliniquedutilleul.vet\/wp-content\/uploads\/2023\/02\/cropped-image-2.png 1227w\" sizes=\"auto, (max-width: 768px) 100vw, 768px\" \/>\t\t\t\t\t\t\t\t\t\t\t\t\t\t\t<\/div>\n\t\t\t\t<\/div>\n\t\t\t\t\t<\/div>\n\t\t<\/div>\n\t\t\t\t\t\t\t<\/div>\n\t\t<\/section>\n\t\t\t\t\t\t\t<\/div>\n\t\t","protected":false},"excerpt":{"rendered":"<p>Vaccinations La vaccination des animaux de compagnie est essentielle pour leur sant\u00e9 et celle de la communaut\u00e9. Elle pr\u00e9vient les maladies graves et mortelles telles que la rage, la parvovirose et la maladie de Carr\u00e9 chez les chiens, ainsi que la leucose f\u00e9line et la panleucop\u00e9nie chez les chats. Les vaccins prot\u00e8gent \u00e9galement les humains,&#8230;<\/p>\n","protected":false},"author":2,"featured_media":0,"parent":0,"menu_order":0,"comment_status":"closed","ping_status":"closed","template":"","meta":{"_tbt_post_transparent":"","_tbt_post_title":"hide","_tbt_post_layout":"fullwidth","_tbt_post_sidebar_id":"","_tbt_post_content_style":"unboxed","_tbt_post_vertical_padding":"hide","_tbt_post_feature":"hide","_tbt_post_feature_position":"","_tbt_post_header":false,"_tbt_post_footer":false},"class_list":["post-12467","page","type-page","status-publish","hentry"],"_links":{"self":[{"href":"https:\/\/cliniquedutilleul.vet\/index.php\/wp-json\/wp\/v2\/pages\/12467","targetHints":{"allow":["GET"]}}],"collection":[{"href":"https:\/\/cliniquedutilleul.vet\/index.php\/wp-json\/wp\/v2\/pages"}],"about":[{"href":"https:\/\/cliniquedutilleul.vet\/index.php\/wp-json\/wp\/v2\/types\/page"}],"author":[{"embeddable":true,"href":"https:\/\/cliniquedutilleul.vet\/index.php\/wp-json\/wp\/v2\/users\/2"}],"replies":[{"embeddable":true,"href":"https:\/\/cliniquedutilleul.vet\/index.php\/wp-json\/wp\/v2\/comments?post=12467"}],"version-history":[{"count":25,"href":"https:\/\/cliniquedutilleul.vet\/index.php\/wp-json\/wp\/v2\/pages\/12467\/revisions"}],"predecessor-version":[{"id":13124,"href":"https:\/\/cliniquedutilleul.vet\/index.php\/wp-json\/wp\/v2\/pages\/12467\/revisions\/13124"}],"wp:attachment":[{"href":"https:\/\/cliniquedutilleul.vet\/index.php\/wp-json\/wp\/v2\/media?parent=12467"}],"curies":[{"name":"wp","href":"https:\/\/api.w.org\/{rel}","templated":true}]}}