{"id":12466,"date":"2023-02-23T16:28:35","date_gmt":"2023-02-23T15:28:35","guid":{"rendered":"http:\/\/cliniquedutilleul.vet\/?page_id=12466"},"modified":"2026-01-23T10:17:17","modified_gmt":"2026-01-23T09:17:17","slug":"bilans-de-sante","status":"publish","type":"page","link":"https:\/\/cliniquedutilleul.vet\/index.php\/bilans-de-sante\/","title":{"rendered":"bilans de sant\u00e9"},"content":{"rendered":"\t\t<div data-elementor-type=\"wp-page\" data-elementor-id=\"12466\" class=\"elementor elementor-12466\">\n\t\t\t\t\t\t\t\t\t<section class=\"elementor-section elementor-top-section elementor-element elementor-element-05f25bf elementor-section-boxed elementor-section-height-default elementor-section-height-default\" data-id=\"05f25bf\" data-element_type=\"section\">\n\t\t\t\t\t\t<div class=\"elementor-container elementor-column-gap-default\">\n\t\t\t\t\t<div class=\"elementor-column elementor-col-100 elementor-top-column elementor-element elementor-element-3993242\" data-id=\"3993242\" data-element_type=\"column\">\n\t\t\t<div class=\"elementor-widget-wrap elementor-element-populated\">\n\t\t\t\t\t\t\t\t<div class=\"elementor-element elementor-element-1186885 elementor-widget elementor-widget-heading\" data-id=\"1186885\" data-element_type=\"widget\" data-widget_type=\"heading.default\">\n\t\t\t\t<div class=\"elementor-widget-container\">\n\t\t\t<style>\/*! elementor - v3.12.1 - 02-04-2023 *\/\n.elementor-heading-title{padding:0;margin:0;line-height:1}.elementor-widget-heading .elementor-heading-title[class*=elementor-size-]>a{color:inherit;font-size:inherit;line-height:inherit}.elementor-widget-heading .elementor-heading-title.elementor-size-small{font-size:15px}.elementor-widget-heading .elementor-heading-title.elementor-size-medium{font-size:19px}.elementor-widget-heading .elementor-heading-title.elementor-size-large{font-size:29px}.elementor-widget-heading .elementor-heading-title.elementor-size-xl{font-size:39px}.elementor-widget-heading .elementor-heading-title.elementor-size-xxl{font-size:59px}<\/style><h1 class=\"elementor-heading-title elementor-size-default\"><br>Bilan de sant\u00e9<\/h1>\t\t<\/div>\n\t\t\t\t<\/div>\n\t\t\t\t\t<\/div>\n\t\t<\/div>\n\t\t\t\t\t\t\t<\/div>\n\t\t<\/section>\n\t\t\t\t<section class=\"elementor-section elementor-top-section elementor-element elementor-element-7b7f1ac elementor-section-boxed elementor-section-height-default elementor-section-height-default\" data-id=\"7b7f1ac\" data-element_type=\"section\">\n\t\t\t\t\t\t<div class=\"elementor-container elementor-column-gap-default\">\n\t\t\t\t\t<div class=\"elementor-column elementor-col-100 elementor-top-column elementor-element elementor-element-cca02ff elementor-invisible\" data-id=\"cca02ff\" data-element_type=\"column\" data-settings=\"{&quot;animation&quot;:&quot;slideInUp&quot;}\">\n\t\t\t<div class=\"elementor-widget-wrap elementor-element-populated\">\n\t\t\t\t\t\t\t\t<div class=\"elementor-element elementor-element-01a5584 elementor-invisible elementor-widget elementor-widget-image\" data-id=\"01a5584\" data-element_type=\"widget\" data-settings=\"{&quot;_animation&quot;:&quot;fadeInUp&quot;}\" data-widget_type=\"image.default\">\n\t\t\t\t<div class=\"elementor-widget-container\">\n\t\t\t<style>\/*! elementor - v3.12.1 - 02-04-2023 *\/\n.elementor-widget-image{text-align:center}.elementor-widget-image a{display:inline-block}.elementor-widget-image a img[src$=\".svg\"]{width:48px}.elementor-widget-image img{vertical-align:middle;display:inline-block}<\/style>\t\t\t\t\t\t\t\t\t\t\t\t<img loading=\"lazy\" decoding=\"async\" width=\"300\" height=\"200\" src=\"https:\/\/cliniquedutilleul.vet\/wp-content\/uploads\/2023\/03\/cat-g0db13bcf2_1920-300x200.jpg\" class=\"attachment-medium size-medium wp-image-12802\" alt=\"\" srcset=\"https:\/\/cliniquedutilleul.vet\/wp-content\/uploads\/2023\/03\/cat-g0db13bcf2_1920-300x200.jpg 300w, https:\/\/cliniquedutilleul.vet\/wp-content\/uploads\/2023\/03\/cat-g0db13bcf2_1920-1024x682.jpg 1024w, https:\/\/cliniquedutilleul.vet\/wp-content\/uploads\/2023\/03\/cat-g0db13bcf2_1920-768x512.jpg 768w, https:\/\/cliniquedutilleul.vet\/wp-content\/uploads\/2023\/03\/cat-g0db13bcf2_1920-1536x1023.jpg 1536w, https:\/\/cliniquedutilleul.vet\/wp-content\/uploads\/2023\/03\/cat-g0db13bcf2_1920-600x400.jpg 600w, https:\/\/cliniquedutilleul.vet\/wp-content\/uploads\/2023\/03\/cat-g0db13bcf2_1920.jpg 1920w\" sizes=\"auto, (max-width: 300px) 100vw, 300px\" \/>\t\t\t\t\t\t\t\t\t\t\t\t\t\t\t<\/div>\n\t\t\t\t<\/div>\n\t\t\t\t<div class=\"elementor-element elementor-element-9638505 elementor-widget elementor-widget-text-editor\" data-id=\"9638505\" data-element_type=\"widget\" data-widget_type=\"text-editor.default\">\n\t\t\t\t<div class=\"elementor-widget-container\">\n\t\t\t<style>\/*! elementor - v3.12.1 - 02-04-2023 *\/\n.elementor-widget-text-editor.elementor-drop-cap-view-stacked .elementor-drop-cap{background-color:#69727d;color:#fff}.elementor-widget-text-editor.elementor-drop-cap-view-framed .elementor-drop-cap{color:#69727d;border:3px solid;background-color:transparent}.elementor-widget-text-editor:not(.elementor-drop-cap-view-default) .elementor-drop-cap{margin-top:8px}.elementor-widget-text-editor:not(.elementor-drop-cap-view-default) .elementor-drop-cap-letter{width:1em;height:1em}.elementor-widget-text-editor .elementor-drop-cap{float:left;text-align:center;line-height:1;font-size:50px}.elementor-widget-text-editor .elementor-drop-cap-letter{display:inline-block}<\/style>\t\t\t\t<p style=\"text-align: center;\"><span style=\"color: #333333;\">Nous disposons dans notre clinique d&rsquo;un laboratoire d&rsquo;analyses m\u00e9dicales complet, nous permettant un diagnostic fiable de certaines pathologies.<\/span><\/p><p style=\"text-align: center;\"><span style=\"color: #333333;\">L&rsquo;examen biochimique permet l&rsquo;analyse des diff\u00e9rentes mol\u00e9cules contenues dans le sang et ainsi l&rsquo;\u00e9valuation du fonctionnement des diff\u00e9rents organes.<\/span><\/p><p style=\"text-align: center;\"><span style=\"color: #333333;\">La num\u00e9ration formule consiste \u00e0 examiner les diverses cellules pr\u00e9sentes dans le sang : globules rouges, globules blancs et plaquettes.<\/span><\/p><p style=\"text-align: center;\"><span style=\"color: #333333;\">Nous conseillons un examen biologique avant une anesth\u00e9sie pour savoir si elle sera support\u00e9e, pour une consultation s\u00e9nior ou lorsque votre animal est malade pour d\u00e9pister certaines maladies.<\/span><\/p>\t\t\t\t\t\t<\/div>\n\t\t\t\t<\/div>\n\t\t\t\t<section class=\"elementor-section elementor-inner-section elementor-element elementor-element-51a0e93 elementor-section-boxed elementor-section-height-default elementor-section-height-default\" data-id=\"51a0e93\" data-element_type=\"section\">\n\t\t\t\t\t\t<div class=\"elementor-container elementor-column-gap-default\">\n\t\t\t\t\t<div class=\"elementor-column elementor-col-100 elementor-inner-column elementor-element elementor-element-535df9e\" data-id=\"535df9e\" data-element_type=\"column\">\n\t\t\t<div class=\"elementor-widget-wrap elementor-element-populated\">\n\t\t\t\t\t\t\t\t<div class=\"elementor-element elementor-element-2451079 elementor-widget elementor-widget-text-editor\" data-id=\"2451079\" data-element_type=\"widget\" data-widget_type=\"text-editor.default\">\n\t\t\t\t<div class=\"elementor-widget-container\">\n\t\t\t\t\t\t\t<ul><li><span style=\"text-decoration: underline;\"><strong>Bilan pr\u00e9-anesth\u00e9sique<\/strong><\/span> : 7<strong>9\u20ac TTC<\/strong> (incluant : un bilan simple 10 param\u00e8tres pour \u00e9valuer les reins et le foie + une analyse d&rsquo;urine)<\/li><li><span style=\"text-decoration: underline;\"><strong>Bilan d&rsquo;exploration<\/strong><\/span> : <strong>135\u20ac TTC<\/strong> (incluant : un bilan 10 param\u00e8tres pour \u00e9valuer les reins et le foie + un ionogramme + une num\u00e9ration formule compl\u00e8te permettant de d\u00e9tecter d&rsquo;\u00e9ventuels troubles des cellules du sang + une analyse d&rsquo;urine)<\/li><li><span style=\"text-decoration: underline;\"><strong>Bilan complet<\/strong><\/span> : <strong>165\u20ac TTC<\/strong> (incluant : un bilan complet 15 param\u00e8tres + un ionogramme + une num\u00e9ration formule compl\u00e8te permettant de d\u00e9tecter d&rsquo;\u00e9ventuels troubles des cellules du sang + une analyse d&rsquo;urine)<\/li><\/ul>\t\t\t\t\t\t<\/div>\n\t\t\t\t<\/div>\n\t\t\t\t\t<\/div>\n\t\t<\/div>\n\t\t\t\t\t\t\t<\/div>\n\t\t<\/section>\n\t\t\t\t\t<\/div>\n\t\t<\/div>\n\t\t\t\t\t\t\t<\/div>\n\t\t<\/section>\n\t\t\t\t<section class=\"elementor-section elementor-top-section elementor-element elementor-element-5787a6d elementor-section-boxed elementor-section-height-default elementor-section-height-default\" data-id=\"5787a6d\" data-element_type=\"section\">\n\t\t\t\t\t\t<div class=\"elementor-container elementor-column-gap-default\">\n\t\t\t\t\t<div class=\"elementor-column elementor-col-100 elementor-top-column elementor-element elementor-element-aae90e7\" data-id=\"aae90e7\" data-element_type=\"column\">\n\t\t\t<div class=\"elementor-widget-wrap elementor-element-populated\">\n\t\t\t\t\t\t\t\t<div class=\"elementor-element elementor-element-670f31a elementor-invisible elementor-widget elementor-widget-image\" data-id=\"670f31a\" data-element_type=\"widget\" data-settings=\"{&quot;_animation&quot;:&quot;fadeInUp&quot;}\" data-widget_type=\"image.default\">\n\t\t\t\t<div class=\"elementor-widget-container\">\n\t\t\t\t\t\t\t\t\t\t\t\t\t\t\t<img loading=\"lazy\" decoding=\"async\" width=\"768\" height=\"379\" src=\"https:\/\/cliniquedutilleul.vet\/wp-content\/uploads\/2023\/02\/cropped-image-2-768x379.png\" class=\"attachment-medium_large size-medium_large wp-image-12607\" alt=\"\" srcset=\"https:\/\/cliniquedutilleul.vet\/wp-content\/uploads\/2023\/02\/cropped-image-2-768x379.png 768w, https:\/\/cliniquedutilleul.vet\/wp-content\/uploads\/2023\/02\/cropped-image-2-300x148.png 300w, https:\/\/cliniquedutilleul.vet\/wp-content\/uploads\/2023\/02\/cropped-image-2-1024x506.png 1024w, https:\/\/cliniquedutilleul.vet\/wp-content\/uploads\/2023\/02\/cropped-image-2-600x296.png 600w, https:\/\/cliniquedutilleul.vet\/wp-content\/uploads\/2023\/02\/cropped-image-2.png 1227w\" sizes=\"auto, (max-width: 768px) 100vw, 768px\" \/>\t\t\t\t\t\t\t\t\t\t\t\t\t\t\t<\/div>\n\t\t\t\t<\/div>\n\t\t\t\t\t<\/div>\n\t\t<\/div>\n\t\t\t\t\t\t\t<\/div>\n\t\t<\/section>\n\t\t\t\t\t\t\t<\/div>\n\t\t","protected":false},"excerpt":{"rendered":"<p>Bilan de sant\u00e9 Nous disposons dans notre clinique d&rsquo;un laboratoire d&rsquo;analyses m\u00e9dicales complet, nous permettant un diagnostic fiable de certaines pathologies. L&rsquo;examen biochimique permet l&rsquo;analyse des diff\u00e9rentes mol\u00e9cules contenues dans le sang et ainsi l&rsquo;\u00e9valuation du fonctionnement des diff\u00e9rents organes. La num\u00e9ration formule consiste \u00e0 examiner les diverses cellules pr\u00e9sentes dans le sang : globules&#8230;<\/p>\n","protected":false},"author":2,"featured_media":0,"parent":0,"menu_order":0,"comment_status":"closed","ping_status":"closed","template":"","meta":{"_tbt_post_transparent":"","_tbt_post_title":"hide","_tbt_post_layout":"fullwidth","_tbt_post_sidebar_id":"","_tbt_post_content_style":"unboxed","_tbt_post_vertical_padding":"hide","_tbt_post_feature":"hide","_tbt_post_feature_position":"","_tbt_post_header":false,"_tbt_post_footer":false},"class_list":["post-12466","page","type-page","status-publish","hentry"],"_links":{"self":[{"href":"https:\/\/cliniquedutilleul.vet\/index.php\/wp-json\/wp\/v2\/pages\/12466","targetHints":{"allow":["GET"]}}],"collection":[{"href":"https:\/\/cliniquedutilleul.vet\/index.php\/wp-json\/wp\/v2\/pages"}],"about":[{"href":"https:\/\/cliniquedutilleul.vet\/index.php\/wp-json\/wp\/v2\/types\/page"}],"author":[{"embeddable":true,"href":"https:\/\/cliniquedutilleul.vet\/index.php\/wp-json\/wp\/v2\/users\/2"}],"replies":[{"embeddable":true,"href":"https:\/\/cliniquedutilleul.vet\/index.php\/wp-json\/wp\/v2\/comments?post=12466"}],"version-history":[{"count":25,"href":"https:\/\/cliniquedutilleul.vet\/index.php\/wp-json\/wp\/v2\/pages\/12466\/revisions"}],"predecessor-version":[{"id":13115,"href":"https:\/\/cliniquedutilleul.vet\/index.php\/wp-json\/wp\/v2\/pages\/12466\/revisions\/13115"}],"wp:attachment":[{"href":"https:\/\/cliniquedutilleul.vet\/index.php\/wp-json\/wp\/v2\/media?parent=12466"}],"curies":[{"name":"wp","href":"https:\/\/api.w.org\/{rel}","templated":true}]}}