{"id":12465,"date":"2023-02-23T16:28:35","date_gmt":"2023-02-23T15:28:35","guid":{"rendered":"http:\/\/cliniquedutilleul.vet\/?page_id=12465"},"modified":"2026-03-17T09:30:05","modified_gmt":"2026-03-17T08:30:05","slug":"nos-assistantes-veterinaires","status":"publish","type":"page","link":"https:\/\/cliniquedutilleul.vet\/index.php\/nos-assistantes-veterinaires\/","title":{"rendered":"nos assistants v\u00e9t\u00e9rinaires"},"content":{"rendered":"\t\t<div data-elementor-type=\"wp-page\" data-elementor-id=\"12465\" class=\"elementor elementor-12465\">\n\t\t\t\t\t\t\t\t\t<section class=\"elementor-section elementor-top-section elementor-element elementor-element-e7483c6 elementor-section-boxed elementor-section-height-default elementor-section-height-default\" data-id=\"e7483c6\" data-element_type=\"section\">\n\t\t\t\t\t\t<div class=\"elementor-container elementor-column-gap-default\">\n\t\t\t\t\t<div class=\"elementor-column elementor-col-100 elementor-top-column elementor-element elementor-element-3afab0e\" data-id=\"3afab0e\" data-element_type=\"column\">\n\t\t\t<div class=\"elementor-widget-wrap elementor-element-populated\">\n\t\t\t\t\t\t\t\t<div class=\"elementor-element elementor-element-e3c4e31 elementor-invisible elementor-widget elementor-widget-heading\" data-id=\"e3c4e31\" data-element_type=\"widget\" data-settings=\"{&quot;_animation&quot;:&quot;fadeInUp&quot;}\" data-widget_type=\"heading.default\">\n\t\t\t\t<div class=\"elementor-widget-container\">\n\t\t\t<style>\/*! elementor - v3.12.1 - 02-04-2023 *\/\n.elementor-heading-title{padding:0;margin:0;line-height:1}.elementor-widget-heading .elementor-heading-title[class*=elementor-size-]>a{color:inherit;font-size:inherit;line-height:inherit}.elementor-widget-heading .elementor-heading-title.elementor-size-small{font-size:15px}.elementor-widget-heading .elementor-heading-title.elementor-size-medium{font-size:19px}.elementor-widget-heading .elementor-heading-title.elementor-size-large{font-size:29px}.elementor-widget-heading .elementor-heading-title.elementor-size-xl{font-size:39px}.elementor-widget-heading .elementor-heading-title.elementor-size-xxl{font-size:59px}<\/style><h1 class=\"elementor-heading-title elementor-size-default\">Nos Auxiliaires sp\u00e9cialis\u00e9s V\u00e9t\u00e9rinaires<\/h1>\t\t<\/div>\n\t\t\t\t<\/div>\n\t\t\t\t\t<\/div>\n\t\t<\/div>\n\t\t\t\t\t\t\t<\/div>\n\t\t<\/section>\n\t\t\t\t<section class=\"elementor-section elementor-top-section elementor-element elementor-element-9712a35 elementor-section-boxed elementor-section-height-default elementor-section-height-default\" data-id=\"9712a35\" data-element_type=\"section\">\n\t\t\t\t\t\t<div class=\"elementor-container elementor-column-gap-default\">\n\t\t\t\t\t<div class=\"elementor-column elementor-col-50 elementor-top-column elementor-element elementor-element-f0885f2\" data-id=\"f0885f2\" data-element_type=\"column\">\n\t\t\t<div class=\"elementor-widget-wrap elementor-element-populated\">\n\t\t\t\t\t\t\t\t<div class=\"elementor-element elementor-element-8d2a351 elementor-widget elementor-widget-image\" data-id=\"8d2a351\" data-element_type=\"widget\" data-widget_type=\"image.default\">\n\t\t\t\t<div class=\"elementor-widget-container\">\n\t\t\t<style>\/*! elementor - v3.12.1 - 02-04-2023 *\/\n.elementor-widget-image{text-align:center}.elementor-widget-image a{display:inline-block}.elementor-widget-image a img[src$=\".svg\"]{width:48px}.elementor-widget-image img{vertical-align:middle;display:inline-block}<\/style>\t\t\t\t\t\t\t\t\t\t\t\t<img loading=\"lazy\" decoding=\"async\" width=\"150\" height=\"150\" src=\"https:\/\/cliniquedutilleul.vet\/wp-content\/uploads\/2025\/07\/IMG20240529095229-150x150.jpg\" class=\"attachment-thumbnail size-thumbnail wp-image-13086\" alt=\"\" srcset=\"https:\/\/cliniquedutilleul.vet\/wp-content\/uploads\/2025\/07\/IMG20240529095229-150x150.jpg 150w, https:\/\/cliniquedutilleul.vet\/wp-content\/uploads\/2025\/07\/IMG20240529095229-300x300.jpg 300w, https:\/\/cliniquedutilleul.vet\/wp-content\/uploads\/2025\/07\/IMG20240529095229-100x100.jpg 100w\" sizes=\"auto, (max-width: 150px) 100vw, 150px\" \/>\t\t\t\t\t\t\t\t\t\t\t\t\t\t\t<\/div>\n\t\t\t\t<\/div>\n\t\t\t\t<div class=\"elementor-element elementor-element-aae7ff8 elementor-widget__width-initial elementor-widget elementor-widget-text-editor\" data-id=\"aae7ff8\" data-element_type=\"widget\" data-widget_type=\"text-editor.default\">\n\t\t\t\t<div class=\"elementor-widget-container\">\n\t\t\t<style>\/*! elementor - v3.12.1 - 02-04-2023 *\/\n.elementor-widget-text-editor.elementor-drop-cap-view-stacked .elementor-drop-cap{background-color:#69727d;color:#fff}.elementor-widget-text-editor.elementor-drop-cap-view-framed .elementor-drop-cap{color:#69727d;border:3px solid;background-color:transparent}.elementor-widget-text-editor:not(.elementor-drop-cap-view-default) .elementor-drop-cap{margin-top:8px}.elementor-widget-text-editor:not(.elementor-drop-cap-view-default) .elementor-drop-cap-letter{width:1em;height:1em}.elementor-widget-text-editor .elementor-drop-cap{float:left;text-align:center;line-height:1;font-size:50px}.elementor-widget-text-editor .elementor-drop-cap-letter{display:inline-block}<\/style>\t\t\t\t<p>Arriv\u00e9e en 2021 \u00e0 la clinique, Clara est dipl\u00f4m\u00e9e du GIPSA (centre de formation des auxiliaires v\u00e9t\u00e9rinaires) depuis 2023. Passionn\u00e9e et tr\u00e8s patiente avec les animaux, elle saura vous conseiller avec douceur et comp\u00e9tences.<\/p><p>\u00a0<\/p>\t\t\t\t\t\t<\/div>\n\t\t\t\t<\/div>\n\t\t\t\t\t<\/div>\n\t\t<\/div>\n\t\t\t\t<div class=\"elementor-column elementor-col-50 elementor-top-column elementor-element elementor-element-b2fa50f\" data-id=\"b2fa50f\" data-element_type=\"column\">\n\t\t\t<div class=\"elementor-widget-wrap elementor-element-populated\">\n\t\t\t\t\t\t\t\t<div class=\"elementor-element elementor-element-692fed4 elementor-widget elementor-widget-image\" data-id=\"692fed4\" data-element_type=\"widget\" data-widget_type=\"image.default\">\n\t\t\t\t<div class=\"elementor-widget-container\">\n\t\t\t\t\t\t\t\t\t\t\t\t\t\t\t<img loading=\"lazy\" decoding=\"async\" width=\"150\" height=\"150\" src=\"https:\/\/cliniquedutilleul.vet\/wp-content\/uploads\/2026\/03\/IMG-20260303-WA0004-150x150.jpg\" class=\"attachment-thumbnail size-thumbnail wp-image-13162\" alt=\"\" srcset=\"https:\/\/cliniquedutilleul.vet\/wp-content\/uploads\/2026\/03\/IMG-20260303-WA0004-150x150.jpg 150w, https:\/\/cliniquedutilleul.vet\/wp-content\/uploads\/2026\/03\/IMG-20260303-WA0004-300x300.jpg 300w, https:\/\/cliniquedutilleul.vet\/wp-content\/uploads\/2026\/03\/IMG-20260303-WA0004-100x100.jpg 100w\" sizes=\"auto, (max-width: 150px) 100vw, 150px\" \/>\t\t\t\t\t\t\t\t\t\t\t\t\t\t\t<\/div>\n\t\t\t\t<\/div>\n\t\t\t\t<div class=\"elementor-element elementor-element-392c6de elementor-widget elementor-widget-text-editor\" data-id=\"392c6de\" data-element_type=\"widget\" data-widget_type=\"text-editor.default\">\n\t\t\t\t<div class=\"elementor-widget-container\">\n\t\t\t\t\t\t\t<p>Arriv\u00e9e en 2024 \u00e0 la clinique, Ang\u00e9lique est en alternance au GIPSA (centre de formation des auxiliaires v\u00e9t\u00e9rinaires).<\/p>\t\t\t\t\t\t<\/div>\n\t\t\t\t<\/div>\n\t\t\t\t\t<\/div>\n\t\t<\/div>\n\t\t\t\t\t\t\t<\/div>\n\t\t<\/section>\n\t\t\t\t<section class=\"elementor-section elementor-top-section elementor-element elementor-element-5ef5799 elementor-section-boxed elementor-section-height-default elementor-section-height-default\" data-id=\"5ef5799\" data-element_type=\"section\">\n\t\t\t\t\t\t<div class=\"elementor-container elementor-column-gap-default\">\n\t\t\t\t\t<div class=\"elementor-column elementor-col-100 elementor-top-column elementor-element elementor-element-6791edb\" data-id=\"6791edb\" data-element_type=\"column\">\n\t\t\t<div class=\"elementor-widget-wrap elementor-element-populated\">\n\t\t\t\t\t\t\t\t<section class=\"elementor-section elementor-inner-section elementor-element elementor-element-2d53b84 elementor-section-boxed elementor-section-height-default elementor-section-height-default\" data-id=\"2d53b84\" data-element_type=\"section\">\n\t\t\t\t\t\t<div class=\"elementor-container elementor-column-gap-default\">\n\t\t\t\t\t<div class=\"elementor-column elementor-col-50 elementor-inner-column elementor-element elementor-element-bb2d43a\" data-id=\"bb2d43a\" data-element_type=\"column\">\n\t\t\t<div class=\"elementor-widget-wrap elementor-element-populated\">\n\t\t\t\t\t\t\t\t<div class=\"elementor-element elementor-element-8e12539 elementor-widget elementor-widget-image\" data-id=\"8e12539\" data-element_type=\"widget\" data-widget_type=\"image.default\">\n\t\t\t\t<div class=\"elementor-widget-container\">\n\t\t\t\t\t\t\t\t\t\t\t\t\t\t\t<img loading=\"lazy\" decoding=\"async\" width=\"150\" height=\"150\" src=\"https:\/\/cliniquedutilleul.vet\/wp-content\/uploads\/2026\/03\/1000015277-150x150.png\" class=\"attachment-thumbnail size-thumbnail wp-image-13161\" alt=\"\" srcset=\"https:\/\/cliniquedutilleul.vet\/wp-content\/uploads\/2026\/03\/1000015277-150x150.png 150w, https:\/\/cliniquedutilleul.vet\/wp-content\/uploads\/2026\/03\/1000015277-300x300.png 300w, https:\/\/cliniquedutilleul.vet\/wp-content\/uploads\/2026\/03\/1000015277-768x768.png 768w, https:\/\/cliniquedutilleul.vet\/wp-content\/uploads\/2026\/03\/1000015277-600x600.png 600w, https:\/\/cliniquedutilleul.vet\/wp-content\/uploads\/2026\/03\/1000015277-100x100.png 100w, https:\/\/cliniquedutilleul.vet\/wp-content\/uploads\/2026\/03\/1000015277.png 1024w\" sizes=\"auto, (max-width: 150px) 100vw, 150px\" \/>\t\t\t\t\t\t\t\t\t\t\t\t\t\t\t<\/div>\n\t\t\t\t<\/div>\n\t\t\t\t<div class=\"elementor-element elementor-element-c8cc55b elementor-widget__width-initial elementor-widget elementor-widget-text-editor\" data-id=\"c8cc55b\" data-element_type=\"widget\" data-widget_type=\"text-editor.default\">\n\t\t\t\t<div class=\"elementor-widget-container\">\n\t\t\t\t\t\t\t<p>Arriv\u00e9e en 2024 \u00e0 la clinique, In\u00e8s est en alternance au GISPA (centre de formation des auxiliaires v\u00e9t\u00e9rinaires).<\/p><p>\u00a0<\/p>\t\t\t\t\t\t<\/div>\n\t\t\t\t<\/div>\n\t\t\t\t\t<\/div>\n\t\t<\/div>\n\t\t\t\t<div class=\"elementor-column elementor-col-50 elementor-inner-column elementor-element elementor-element-f7da5c2\" data-id=\"f7da5c2\" data-element_type=\"column\">\n\t\t\t<div class=\"elementor-widget-wrap elementor-element-populated\">\n\t\t\t\t\t\t\t\t<div class=\"elementor-element elementor-element-b3109f0 elementor-widget elementor-widget-image\" data-id=\"b3109f0\" data-element_type=\"widget\" data-widget_type=\"image.default\">\n\t\t\t\t<div class=\"elementor-widget-container\">\n\t\t\t\t\t\t\t\t\t\t\t\t\t\t\t<img loading=\"lazy\" decoding=\"async\" width=\"150\" height=\"150\" src=\"https:\/\/cliniquedutilleul.vet\/wp-content\/uploads\/2026\/03\/photo-loic-150x150.png\" class=\"attachment-thumbnail size-thumbnail wp-image-13160\" alt=\"\" srcset=\"https:\/\/cliniquedutilleul.vet\/wp-content\/uploads\/2026\/03\/photo-loic-150x150.png 150w, https:\/\/cliniquedutilleul.vet\/wp-content\/uploads\/2026\/03\/photo-loic-300x300.png 300w, https:\/\/cliniquedutilleul.vet\/wp-content\/uploads\/2026\/03\/photo-loic-100x100.png 100w\" sizes=\"auto, (max-width: 150px) 100vw, 150px\" \/>\t\t\t\t\t\t\t\t\t\t\t\t\t\t\t<\/div>\n\t\t\t\t<\/div>\n\t\t\t\t<div class=\"elementor-element elementor-element-cbc5186 elementor-widget__width-initial elementor-widget elementor-widget-text-editor\" data-id=\"cbc5186\" data-element_type=\"widget\" data-widget_type=\"text-editor.default\">\n\t\t\t\t<div class=\"elementor-widget-container\">\n\t\t\t\t\t\t\t<p>Arriv\u00e9 en 2025 \u00e0 la clinique, Lo\u00efc est tr\u00e8s patient, notamment avec les chats. Il sera \u00e0 votre \u00e9coute et disponible pour vous accueillir avec votre compagnon \u00e0 quatre pattes dont il prendra le plus grand soin.<\/p>\n<p><\/p>\t\t\t\t\t\t<\/div>\n\t\t\t\t<\/div>\n\t\t\t\t\t<\/div>\n\t\t<\/div>\n\t\t\t\t\t\t\t<\/div>\n\t\t<\/section>\n\t\t\t\t<div class=\"elementor-element elementor-element-98ee44f elementor-widget elementor-widget-image\" data-id=\"98ee44f\" data-element_type=\"widget\" data-widget_type=\"image.default\">\n\t\t\t\t<div class=\"elementor-widget-container\">\n\t\t\t\t\t\t\t\t\t\t\t\t\t\t\t<img loading=\"lazy\" decoding=\"async\" width=\"1024\" height=\"506\" src=\"https:\/\/cliniquedutilleul.vet\/wp-content\/uploads\/2023\/02\/cropped-image-2-1024x506.png\" class=\"attachment-large size-large wp-image-12607\" alt=\"\" srcset=\"https:\/\/cliniquedutilleul.vet\/wp-content\/uploads\/2023\/02\/cropped-image-2-1024x506.png 1024w, https:\/\/cliniquedutilleul.vet\/wp-content\/uploads\/2023\/02\/cropped-image-2-300x148.png 300w, https:\/\/cliniquedutilleul.vet\/wp-content\/uploads\/2023\/02\/cropped-image-2-768x379.png 768w, https:\/\/cliniquedutilleul.vet\/wp-content\/uploads\/2023\/02\/cropped-image-2-600x296.png 600w, https:\/\/cliniquedutilleul.vet\/wp-content\/uploads\/2023\/02\/cropped-image-2.png 1227w\" sizes=\"auto, (max-width: 1024px) 100vw, 1024px\" \/>\t\t\t\t\t\t\t\t\t\t\t\t\t\t\t<\/div>\n\t\t\t\t<\/div>\n\t\t\t\t\t<\/div>\n\t\t<\/div>\n\t\t\t\t\t\t\t<\/div>\n\t\t<\/section>\n\t\t\t\t\t\t\t<\/div>\n\t\t","protected":false},"excerpt":{"rendered":"<p>Nos Auxiliaires sp\u00e9cialis\u00e9s V\u00e9t\u00e9rinaires Arriv\u00e9e en 2021 \u00e0 la clinique, Clara est dipl\u00f4m\u00e9e du GIPSA (centre de formation des auxiliaires v\u00e9t\u00e9rinaires) depuis 2023. Passionn\u00e9e et tr\u00e8s patiente avec les animaux, elle saura vous conseiller avec douceur et comp\u00e9tences. \u00a0 Arriv\u00e9e en 2024 \u00e0 la clinique, Ang\u00e9lique est en alternance au GIPSA (centre de formation des&#8230;<\/p>\n","protected":false},"author":2,"featured_media":0,"parent":0,"menu_order":0,"comment_status":"closed","ping_status":"closed","template":"","meta":{"_tbt_post_transparent":"","_tbt_post_title":"hide","_tbt_post_layout":"fullwidth","_tbt_post_sidebar_id":"","_tbt_post_content_style":"unboxed","_tbt_post_vertical_padding":"hide","_tbt_post_feature":"hide","_tbt_post_feature_position":"","_tbt_post_header":false,"_tbt_post_footer":false},"class_list":["post-12465","page","type-page","status-publish","hentry"],"_links":{"self":[{"href":"https:\/\/cliniquedutilleul.vet\/index.php\/wp-json\/wp\/v2\/pages\/12465","targetHints":{"allow":["GET"]}}],"collection":[{"href":"https:\/\/cliniquedutilleul.vet\/index.php\/wp-json\/wp\/v2\/pages"}],"about":[{"href":"https:\/\/cliniquedutilleul.vet\/index.php\/wp-json\/wp\/v2\/types\/page"}],"author":[{"embeddable":true,"href":"https:\/\/cliniquedutilleul.vet\/index.php\/wp-json\/wp\/v2\/users\/2"}],"replies":[{"embeddable":true,"href":"https:\/\/cliniquedutilleul.vet\/index.php\/wp-json\/wp\/v2\/comments?post=12465"}],"version-history":[{"count":54,"href":"https:\/\/cliniquedutilleul.vet\/index.php\/wp-json\/wp\/v2\/pages\/12465\/revisions"}],"predecessor-version":[{"id":13183,"href":"https:\/\/cliniquedutilleul.vet\/index.php\/wp-json\/wp\/v2\/pages\/12465\/revisions\/13183"}],"wp:attachment":[{"href":"https:\/\/cliniquedutilleul.vet\/index.php\/wp-json\/wp\/v2\/media?parent=12465"}],"curies":[{"name":"wp","href":"https:\/\/api.w.org\/{rel}","templated":true}]}}