{"id":11056,"date":"2022-06-20T09:21:54","date_gmt":"2022-06-20T09:21:54","guid":{"rendered":"https:\/\/wp.themedemo.org\/WP01\/WP017\/?page_id=11056"},"modified":"2023-09-02T13:04:23","modified_gmt":"2023-09-02T11:04:23","slug":"services-2","status":"publish","type":"page","link":"https:\/\/cliniquedutilleul.vet\/index.php\/services-2\/","title":{"rendered":"Services"},"content":{"rendered":"\t\t<div data-elementor-type=\"wp-page\" data-elementor-id=\"11056\" class=\"elementor elementor-11056\">\n\t\t\t\t\t\t\t\t\t<div class=\"elementor-section elementor-top-section elementor-element elementor-element-a54a1b5 service-workers elementor-section-boxed elementor-section-height-default elementor-section-height-default\" data-id=\"a54a1b5\" data-element_type=\"section\" data-settings=\"{&quot;background_background&quot;:&quot;classic&quot;}\">\n\t\t\t\t\t\t<div class=\"elementor-container elementor-column-gap-default\">\n\t\t\t\t\t<div class=\"elementor-column elementor-col-100 elementor-top-column elementor-element elementor-element-80b7a99 elementor-invisible\" data-id=\"80b7a99\" data-element_type=\"column\" data-settings=\"{&quot;animation&quot;:&quot;fadeInUp&quot;}\">\n\t\t\t<div class=\"elementor-widget-wrap elementor-element-populated\">\n\t\t\t\t\t\t\t\t<div class=\"elementor-element elementor-element-957a443 elementor-widget elementor-widget-heading\" data-id=\"957a443\" data-element_type=\"widget\" data-widget_type=\"heading.default\">\n\t\t\t\t<div class=\"elementor-widget-container\">\n\t\t\t<style>\/*! elementor - v3.12.1 - 02-04-2023 *\/\n.elementor-heading-title{padding:0;margin:0;line-height:1}.elementor-widget-heading .elementor-heading-title[class*=elementor-size-]>a{color:inherit;font-size:inherit;line-height:inherit}.elementor-widget-heading .elementor-heading-title.elementor-size-small{font-size:15px}.elementor-widget-heading .elementor-heading-title.elementor-size-medium{font-size:19px}.elementor-widget-heading .elementor-heading-title.elementor-size-large{font-size:29px}.elementor-widget-heading .elementor-heading-title.elementor-size-xl{font-size:39px}.elementor-widget-heading .elementor-heading-title.elementor-size-xxl{font-size:59px}<\/style><h1 class=\"elementor-heading-title elementor-size-default\">Nos services et tarifs<\/h1>\t\t<\/div>\n\t\t\t\t<\/div>\n\t\t\t\t<div class=\"elementor-section elementor-inner-section elementor-element elementor-element-86e3c5a elementor-section-boxed elementor-section-height-default elementor-section-height-default\" data-id=\"86e3c5a\" data-element_type=\"section\">\n\t\t\t\t\t\t<div class=\"elementor-container elementor-column-gap-default\">\n\t\t\t\t\t<div class=\"elementor-column elementor-col-33 elementor-inner-column elementor-element elementor-element-dc2fec1 animated-fast elementor-invisible\" data-id=\"dc2fec1\" data-element_type=\"column\" data-settings=\"{&quot;background_background&quot;:&quot;classic&quot;,&quot;animation&quot;:&quot;fadeInUp&quot;}\">\n\t\t\t<div class=\"elementor-widget-wrap elementor-element-populated\">\n\t\t\t\t\t\t\t\t<div class=\"elementor-element elementor-element-cf4eb0f service-icon elementor-position-top elementor-vertical-align-top elementor-widget elementor-widget-image-box\" data-id=\"cf4eb0f\" data-element_type=\"widget\" data-widget_type=\"image-box.default\">\n\t\t\t\t<div class=\"elementor-widget-container\">\n\t\t\t<style>\/*! elementor - v3.12.1 - 02-04-2023 *\/\n.elementor-widget-image-box .elementor-image-box-content{width:100%}@media (min-width:768px){.elementor-widget-image-box.elementor-position-left .elementor-image-box-wrapper,.elementor-widget-image-box.elementor-position-right .elementor-image-box-wrapper{display:flex}.elementor-widget-image-box.elementor-position-right .elementor-image-box-wrapper{text-align:right;flex-direction:row-reverse}.elementor-widget-image-box.elementor-position-left .elementor-image-box-wrapper{text-align:left;flex-direction:row}.elementor-widget-image-box.elementor-position-top .elementor-image-box-img{margin:auto}.elementor-widget-image-box.elementor-vertical-align-top .elementor-image-box-wrapper{align-items:flex-start}.elementor-widget-image-box.elementor-vertical-align-middle .elementor-image-box-wrapper{align-items:center}.elementor-widget-image-box.elementor-vertical-align-bottom .elementor-image-box-wrapper{align-items:flex-end}}@media (max-width:767px){.elementor-widget-image-box .elementor-image-box-img{margin-left:auto!important;margin-right:auto!important;margin-bottom:15px}}.elementor-widget-image-box .elementor-image-box-img{display:inline-block}.elementor-widget-image-box .elementor-image-box-title a{color:inherit}.elementor-widget-image-box .elementor-image-box-wrapper{text-align:center}.elementor-widget-image-box .elementor-image-box-description{margin:0}<\/style><div class=\"elementor-image-box-wrapper\"><figure class=\"elementor-image-box-img\"><img loading=\"lazy\" decoding=\"async\" width=\"150\" height=\"150\" src=\"https:\/\/cliniquedutilleul.vet\/wp-content\/uploads\/2023\/03\/hush-naidoo-jade-photography-yo01Z-9HQAw-unsplash-150x150.jpg\" class=\"attachment-thumbnail size-thumbnail wp-image-12728\" alt=\"\" srcset=\"https:\/\/cliniquedutilleul.vet\/wp-content\/uploads\/2023\/03\/hush-naidoo-jade-photography-yo01Z-9HQAw-unsplash-150x150.jpg 150w, https:\/\/cliniquedutilleul.vet\/wp-content\/uploads\/2023\/03\/hush-naidoo-jade-photography-yo01Z-9HQAw-unsplash-300x300.jpg 300w, https:\/\/cliniquedutilleul.vet\/wp-content\/uploads\/2023\/03\/hush-naidoo-jade-photography-yo01Z-9HQAw-unsplash-100x100.jpg 100w\" sizes=\"auto, (max-width: 150px) 100vw, 150px\" \/><\/figure><div class=\"elementor-image-box-content\"><h3 class=\"elementor-image-box-title\">M\u00e9decine g\u00e9n\u00e9rale<\/h3><p class=\"elementor-image-box-description\">Si vous constatez quoi que ce soit qui vous inqui\u00e8te chez votre compagnon,  notre \u00e9quipe est l\u00e0 pour vous accueillir.<\/p><\/div><\/div>\t\t<\/div>\n\t\t\t\t<\/div>\n\t\t\t\t<div class=\"elementor-element elementor-element-c42611b elementor-align-center elementor-widget elementor-widget-button\" data-id=\"c42611b\" data-element_type=\"widget\" data-widget_type=\"button.default\">\n\t\t\t\t<div class=\"elementor-widget-container\">\n\t\t\t\t\t<div class=\"elementor-button-wrapper\">\n\t\t\t<a href=\"https:\/\/cliniquedutilleul.vet\/index.php\/medecine\/\" class=\"elementor-button-link elementor-button elementor-size-sm\" role=\"button\">\n\t\t\t\t\t\t<span class=\"elementor-button-content-wrapper\">\n\t\t\t\t\t\t<span class=\"elementor-button-text\">Voir<\/span>\n\t\t<\/span>\n\t\t\t\t\t<\/a>\n\t\t<\/div>\n\t\t\t\t<\/div>\n\t\t\t\t<\/div>\n\t\t\t\t\t<\/div>\n\t\t<\/div>\n\t\t\t\t<div class=\"elementor-column elementor-col-33 elementor-inner-column elementor-element elementor-element-70dd98e animated-fast elementor-invisible\" data-id=\"70dd98e\" data-element_type=\"column\" data-settings=\"{&quot;background_background&quot;:&quot;classic&quot;,&quot;animation&quot;:&quot;fadeInUp&quot;}\">\n\t\t\t<div class=\"elementor-widget-wrap elementor-element-populated\">\n\t\t\t\t\t\t\t\t<div class=\"elementor-element elementor-element-d1b7e8d service-icon elementor-position-top elementor-vertical-align-top elementor-widget elementor-widget-image-box\" data-id=\"d1b7e8d\" data-element_type=\"widget\" data-widget_type=\"image-box.default\">\n\t\t\t\t<div class=\"elementor-widget-container\">\n\t\t\t<div class=\"elementor-image-box-wrapper\"><figure class=\"elementor-image-box-img\"><img loading=\"lazy\" decoding=\"async\" width=\"150\" height=\"150\" src=\"https:\/\/cliniquedutilleul.vet\/wp-content\/uploads\/2023\/03\/denys-sergushkin-ejxFIxygOww-unsplash-150x150.jpg\" class=\"attachment-thumbnail size-thumbnail wp-image-12737\" alt=\"\" srcset=\"https:\/\/cliniquedutilleul.vet\/wp-content\/uploads\/2023\/03\/denys-sergushkin-ejxFIxygOww-unsplash-150x150.jpg 150w, https:\/\/cliniquedutilleul.vet\/wp-content\/uploads\/2023\/03\/denys-sergushkin-ejxFIxygOww-unsplash-300x300.jpg 300w, https:\/\/cliniquedutilleul.vet\/wp-content\/uploads\/2023\/03\/denys-sergushkin-ejxFIxygOww-unsplash-100x100.jpg 100w\" sizes=\"auto, (max-width: 150px) 100vw, 150px\" \/><\/figure><div class=\"elementor-image-box-content\"><h3 class=\"elementor-image-box-title\">M\u00e9decine pr\u00e9ventive<\/h3><p class=\"elementor-image-box-description\">La vaccination annuelle est le moyen le plus simple de prot\u00e9ger votre animal de compagnie et de contr\u00f4ler ann\u00e9e apr\u00e8s ann\u00e9e son \u00e9tat de sant\u00e9.<\/p><\/div><\/div>\t\t<\/div>\n\t\t\t\t<\/div>\n\t\t\t\t<div class=\"elementor-element elementor-element-ccc7be0 elementor-align-center elementor-widget elementor-widget-button\" data-id=\"ccc7be0\" data-element_type=\"widget\" data-widget_type=\"button.default\">\n\t\t\t\t<div class=\"elementor-widget-container\">\n\t\t\t\t\t<div class=\"elementor-button-wrapper\">\n\t\t\t<a href=\"https:\/\/cliniquedutilleul.vet\/index.php\/vaccinations\/\" class=\"elementor-button-link elementor-button elementor-size-sm\" role=\"button\">\n\t\t\t\t\t\t<span class=\"elementor-button-content-wrapper\">\n\t\t\t\t\t\t<span class=\"elementor-button-text\">Voir<\/span>\n\t\t<\/span>\n\t\t\t\t\t<\/a>\n\t\t<\/div>\n\t\t\t\t<\/div>\n\t\t\t\t<\/div>\n\t\t\t\t\t<\/div>\n\t\t<\/div>\n\t\t\t\t<div class=\"elementor-column elementor-col-33 elementor-inner-column elementor-element elementor-element-6e9394f animated-fast elementor-invisible\" data-id=\"6e9394f\" data-element_type=\"column\" data-settings=\"{&quot;background_background&quot;:&quot;classic&quot;,&quot;animation&quot;:&quot;fadeInUp&quot;}\">\n\t\t\t<div class=\"elementor-widget-wrap elementor-element-populated\">\n\t\t\t\t\t\t\t\t<div class=\"elementor-element elementor-element-7a6ba99 service-icon elementor-position-top elementor-vertical-align-top elementor-widget elementor-widget-image-box\" data-id=\"7a6ba99\" data-element_type=\"widget\" data-widget_type=\"image-box.default\">\n\t\t\t\t<div class=\"elementor-widget-container\">\n\t\t\t<div class=\"elementor-image-box-wrapper\"><figure class=\"elementor-image-box-img\"><img loading=\"lazy\" decoding=\"async\" width=\"150\" height=\"150\" src=\"https:\/\/cliniquedutilleul.vet\/wp-content\/uploads\/2023\/02\/190833499_174678821327040_1790358204479693040_n-150x150.jpg\" class=\"attachment-thumbnail size-thumbnail wp-image-12644\" alt=\"\" srcset=\"https:\/\/cliniquedutilleul.vet\/wp-content\/uploads\/2023\/02\/190833499_174678821327040_1790358204479693040_n-150x150.jpg 150w, https:\/\/cliniquedutilleul.vet\/wp-content\/uploads\/2023\/02\/190833499_174678821327040_1790358204479693040_n-300x300.jpg 300w, https:\/\/cliniquedutilleul.vet\/wp-content\/uploads\/2023\/02\/190833499_174678821327040_1790358204479693040_n-100x100.jpg 100w\" sizes=\"auto, (max-width: 150px) 100vw, 150px\" \/><\/figure><div class=\"elementor-image-box-content\"><h3 class=\"elementor-image-box-title\">Chirurgie<\/h3><p class=\"elementor-image-box-description\">Notre clinique est \u00e9quip\u00e9e d'un bloc chirurgical pour une prise en charge de votre animal de fa\u00e7on optimale et en s\u00e9curit\u00e9, que ce soit pour une chirurgie de \"convenance\" (st\u00e9rilisation) ou plus lourde. <\/p><\/div><\/div>\t\t<\/div>\n\t\t\t\t<\/div>\n\t\t\t\t<div class=\"elementor-element elementor-element-7ebc10d elementor-align-center elementor-widget elementor-widget-button\" data-id=\"7ebc10d\" data-element_type=\"widget\" data-widget_type=\"button.default\">\n\t\t\t\t<div class=\"elementor-widget-container\">\n\t\t\t\t\t<div class=\"elementor-button-wrapper\">\n\t\t\t<a href=\"https:\/\/cliniquedutilleul.vet\/index.php\/chirurgie\/\" class=\"elementor-button-link elementor-button elementor-size-sm\" role=\"button\">\n\t\t\t\t\t\t<span class=\"elementor-button-content-wrapper\">\n\t\t\t\t\t\t<span class=\"elementor-button-text\">Voir<\/span>\n\t\t<\/span>\n\t\t\t\t\t<\/a>\n\t\t<\/div>\n\t\t\t\t<\/div>\n\t\t\t\t<\/div>\n\t\t\t\t\t<\/div>\n\t\t<\/div>\n\t\t\t\t\t\t\t<\/div>\n\t\t<\/div>\n\t\t\t\t<div class=\"elementor-section elementor-inner-section elementor-element elementor-element-3c0fd97 elementor-section-boxed elementor-section-height-default elementor-section-height-default\" data-id=\"3c0fd97\" data-element_type=\"section\">\n\t\t\t\t\t\t<div class=\"elementor-container elementor-column-gap-default\">\n\t\t\t\t\t<div class=\"elementor-column elementor-col-33 elementor-inner-column elementor-element elementor-element-5824b4f animated-fast elementor-invisible\" data-id=\"5824b4f\" data-element_type=\"column\" data-settings=\"{&quot;background_background&quot;:&quot;classic&quot;,&quot;animation&quot;:&quot;fadeInUp&quot;}\">\n\t\t\t<div class=\"elementor-widget-wrap elementor-element-populated\">\n\t\t\t\t\t\t\t\t<div class=\"elementor-element elementor-element-dbd09da service-icon elementor-position-top elementor-vertical-align-top elementor-widget elementor-widget-image-box\" data-id=\"dbd09da\" data-element_type=\"widget\" data-widget_type=\"image-box.default\">\n\t\t\t\t<div class=\"elementor-widget-container\">\n\t\t\t<div class=\"elementor-image-box-wrapper\"><figure class=\"elementor-image-box-img\"><img loading=\"lazy\" decoding=\"async\" width=\"150\" height=\"150\" src=\"https:\/\/cliniquedutilleul.vet\/wp-content\/uploads\/2023\/03\/ayla-verschueren-QIbjKOsmIhQ-unsplash-150x150.jpg\" class=\"attachment-thumbnail size-thumbnail wp-image-12738\" alt=\"\" srcset=\"https:\/\/cliniquedutilleul.vet\/wp-content\/uploads\/2023\/03\/ayla-verschueren-QIbjKOsmIhQ-unsplash-150x150.jpg 150w, https:\/\/cliniquedutilleul.vet\/wp-content\/uploads\/2023\/03\/ayla-verschueren-QIbjKOsmIhQ-unsplash-300x300.jpg 300w, https:\/\/cliniquedutilleul.vet\/wp-content\/uploads\/2023\/03\/ayla-verschueren-QIbjKOsmIhQ-unsplash-100x100.jpg 100w\" sizes=\"auto, (max-width: 150px) 100vw, 150px\" \/><\/figure><div class=\"elementor-image-box-content\"><h3 class=\"elementor-image-box-title\">Nutrition<\/h3><p class=\"elementor-image-box-description\">Notre \u00e9quipe est form\u00e9e au conseil nutritionnel, n'h\u00e9sitez pas \u00e0 leur faire part de toutes vos interrogations.<\/p><\/div><\/div>\t\t<\/div>\n\t\t\t\t<\/div>\n\t\t\t\t<div class=\"elementor-element elementor-element-fefd64d elementor-align-center elementor-widget elementor-widget-button\" data-id=\"fefd64d\" data-element_type=\"widget\" data-widget_type=\"button.default\">\n\t\t\t\t<div class=\"elementor-widget-container\">\n\t\t\t\t\t<div class=\"elementor-button-wrapper\">\n\t\t\t<a href=\"https:\/\/cliniquedutilleul.vet\/index.php\/conseil-en-nutrition\/\" class=\"elementor-button-link elementor-button elementor-size-sm\" role=\"button\">\n\t\t\t\t\t\t<span class=\"elementor-button-content-wrapper\">\n\t\t\t\t\t\t<span class=\"elementor-button-text\">Voir<\/span>\n\t\t<\/span>\n\t\t\t\t\t<\/a>\n\t\t<\/div>\n\t\t\t\t<\/div>\n\t\t\t\t<\/div>\n\t\t\t\t\t<\/div>\n\t\t<\/div>\n\t\t\t\t<div class=\"elementor-column elementor-col-33 elementor-inner-column elementor-element elementor-element-36d96e8 animated-fast elementor-invisible\" data-id=\"36d96e8\" data-element_type=\"column\" data-settings=\"{&quot;background_background&quot;:&quot;classic&quot;,&quot;animation&quot;:&quot;fadeInUp&quot;}\">\n\t\t\t<div class=\"elementor-widget-wrap elementor-element-populated\">\n\t\t\t\t\t\t\t\t<div class=\"elementor-element elementor-element-a81874d service-icon elementor-position-top elementor-vertical-align-top elementor-widget elementor-widget-image-box\" data-id=\"a81874d\" data-element_type=\"widget\" data-widget_type=\"image-box.default\">\n\t\t\t\t<div class=\"elementor-widget-container\">\n\t\t\t<div class=\"elementor-image-box-wrapper\"><figure class=\"elementor-image-box-img\"><img loading=\"lazy\" decoding=\"async\" width=\"150\" height=\"150\" src=\"https:\/\/cliniquedutilleul.vet\/wp-content\/uploads\/2023\/03\/radiography-g35d073f88_1920-150x150.jpg\" class=\"attachment-thumbnail size-thumbnail wp-image-12724\" alt=\"\" srcset=\"https:\/\/cliniquedutilleul.vet\/wp-content\/uploads\/2023\/03\/radiography-g35d073f88_1920-150x150.jpg 150w, https:\/\/cliniquedutilleul.vet\/wp-content\/uploads\/2023\/03\/radiography-g35d073f88_1920-300x300.jpg 300w, https:\/\/cliniquedutilleul.vet\/wp-content\/uploads\/2023\/03\/radiography-g35d073f88_1920-100x100.jpg 100w, https:\/\/cliniquedutilleul.vet\/wp-content\/uploads\/2023\/03\/elementor\/thumbs\/radiography-g35d073f88_1920-q2vbguvn0vnu9zubftrduuajepw5km57jujwe0i4vg.jpg 350w\" sizes=\"auto, (max-width: 150px) 100vw, 150px\" \/><\/figure><div class=\"elementor-image-box-content\"><h3 class=\"elementor-image-box-title\">Imagerie<\/h3><p class=\"elementor-image-box-description\">Notre clinique est \u00e9quip\u00e9e d'une radiographie capteur plan, ainsi qu'un \u00e9chographe, permettant de faire un diagnostic plus pr\u00e9cis.<\/p><\/div><\/div>\t\t<\/div>\n\t\t\t\t<\/div>\n\t\t\t\t<div class=\"elementor-element elementor-element-becbf25 elementor-align-center elementor-widget elementor-widget-button\" data-id=\"becbf25\" data-element_type=\"widget\" data-widget_type=\"button.default\">\n\t\t\t\t<div class=\"elementor-widget-container\">\n\t\t\t\t\t<div class=\"elementor-button-wrapper\">\n\t\t\t<a href=\"https:\/\/cliniquedutilleul.vet\/index.php\/imagerie\/\" class=\"elementor-button-link elementor-button elementor-size-sm\" role=\"button\">\n\t\t\t\t\t\t<span class=\"elementor-button-content-wrapper\">\n\t\t\t\t\t\t<span class=\"elementor-button-text\">Voir<\/span>\n\t\t<\/span>\n\t\t\t\t\t<\/a>\n\t\t<\/div>\n\t\t\t\t<\/div>\n\t\t\t\t<\/div>\n\t\t\t\t\t<\/div>\n\t\t<\/div>\n\t\t\t\t<div class=\"elementor-column elementor-col-33 elementor-inner-column elementor-element elementor-element-b14965e\" data-id=\"b14965e\" data-element_type=\"column\" data-settings=\"{&quot;background_background&quot;:&quot;classic&quot;}\">\n\t\t\t<div class=\"elementor-widget-wrap elementor-element-populated\">\n\t\t\t\t\t\t\t\t<div class=\"elementor-element elementor-element-43eb1b4 service-icon elementor-position-top elementor-vertical-align-top elementor-widget elementor-widget-image-box\" data-id=\"43eb1b4\" data-element_type=\"widget\" data-widget_type=\"image-box.default\">\n\t\t\t\t<div class=\"elementor-widget-container\">\n\t\t\t<div class=\"elementor-image-box-wrapper\"><figure class=\"elementor-image-box-img\"><img loading=\"lazy\" decoding=\"async\" width=\"150\" height=\"150\" src=\"https:\/\/cliniquedutilleul.vet\/wp-content\/uploads\/2023\/03\/radiography-g35d073f88_1920-150x150.jpg\" class=\"attachment-thumbnail size-thumbnail wp-image-12724\" alt=\"\" srcset=\"https:\/\/cliniquedutilleul.vet\/wp-content\/uploads\/2023\/03\/radiography-g35d073f88_1920-150x150.jpg 150w, https:\/\/cliniquedutilleul.vet\/wp-content\/uploads\/2023\/03\/radiography-g35d073f88_1920-300x300.jpg 300w, https:\/\/cliniquedutilleul.vet\/wp-content\/uploads\/2023\/03\/radiography-g35d073f88_1920-100x100.jpg 100w, https:\/\/cliniquedutilleul.vet\/wp-content\/uploads\/2023\/03\/elementor\/thumbs\/radiography-g35d073f88_1920-q2vbguvn0vnu9zubftrduuajepw5km57jujwe0i4vg.jpg 350w\" sizes=\"auto, (max-width: 150px) 100vw, 150px\" \/><\/figure><div class=\"elementor-image-box-content\"><h3 class=\"elementor-image-box-title\">Hospitalisation<\/h3><p class=\"elementor-image-box-description\">Pour tous les besoins de soin que vous ne pouvez prodiguer \u00e0 la maison, nous sommes \u00e9quip\u00e9s et form\u00e9s pour que le s\u00e9jour de votre animal soit le moins stressant possible.<\/p><\/div><\/div>\t\t<\/div>\n\t\t\t\t<\/div>\n\t\t\t\t<div class=\"elementor-element elementor-element-d2485bd elementor-align-center elementor-widget elementor-widget-button\" data-id=\"d2485bd\" data-element_type=\"widget\" data-widget_type=\"button.default\">\n\t\t\t\t<div class=\"elementor-widget-container\">\n\t\t\t\t\t<div class=\"elementor-button-wrapper\">\n\t\t\t<a href=\"https:\/\/cliniquedutilleul.vet\/index.php\/hospitalisation\/\" class=\"elementor-button-link elementor-button elementor-size-sm\" role=\"button\">\n\t\t\t\t\t\t<span class=\"elementor-button-content-wrapper\">\n\t\t\t\t\t\t<span class=\"elementor-button-text\">Voir<\/span>\n\t\t<\/span>\n\t\t\t\t\t<\/a>\n\t\t<\/div>\n\t\t\t\t<\/div>\n\t\t\t\t<\/div>\n\t\t\t\t<div class=\"elementor-element elementor-element-017dc82 elementor-align-center elementor-widget elementor-widget-button\" data-id=\"017dc82\" data-element_type=\"widget\" data-widget_type=\"button.default\">\n\t\t\t\t<div class=\"elementor-widget-container\">\n\t\t\t\t\t<div class=\"elementor-button-wrapper\">\n\t\t\t<a href=\"#\" class=\"elementor-button-link elementor-button elementor-size-sm\" role=\"button\">\n\t\t\t\t\t\t<span class=\"elementor-button-content-wrapper\">\n\t\t\t\t\t\t<span class=\"elementor-button-text\"><\/span>\n\t\t<\/span>\n\t\t\t\t\t<\/a>\n\t\t<\/div>\n\t\t\t\t<\/div>\n\t\t\t\t<\/div>\n\t\t\t\t\t<\/div>\n\t\t<\/div>\n\t\t\t\t\t\t\t<\/div>\n\t\t<\/div>\n\t\t\t\t\t<\/div>\n\t\t<\/div>\n\t\t\t\t\t\t\t<\/div>\n\t\t<\/div>\n\t\t\t\t<section class=\"elementor-section elementor-top-section elementor-element elementor-element-bfcede2 elementor-section-boxed elementor-section-height-default elementor-section-height-default\" data-id=\"bfcede2\" data-element_type=\"section\">\n\t\t\t\t\t\t<div class=\"elementor-container elementor-column-gap-default\">\n\t\t\t\t\t<div class=\"elementor-column elementor-col-100 elementor-top-column elementor-element elementor-element-b79a5a0\" data-id=\"b79a5a0\" data-element_type=\"column\">\n\t\t\t<div class=\"elementor-widget-wrap elementor-element-populated\">\n\t\t\t\t\t\t\t\t<div class=\"elementor-element elementor-element-ff54979 elementor-widget elementor-widget-spacer\" data-id=\"ff54979\" data-element_type=\"widget\" data-widget_type=\"spacer.default\">\n\t\t\t\t<div class=\"elementor-widget-container\">\n\t\t\t<style>\/*! elementor - v3.12.1 - 02-04-2023 *\/\n.elementor-column .elementor-spacer-inner{height:var(--spacer-size)}.e-con{--container-widget-width:100%}.e-con-inner>.elementor-widget-spacer,.e-con>.elementor-widget-spacer{width:var(--container-widget-width,var(--spacer-size));--align-self:var(--container-widget-align-self,initial);--flex-shrink:0}.e-con-inner>.elementor-widget-spacer>.elementor-widget-container,.e-con-inner>.elementor-widget-spacer>.elementor-widget-container>.elementor-spacer,.e-con>.elementor-widget-spacer>.elementor-widget-container,.e-con>.elementor-widget-spacer>.elementor-widget-container>.elementor-spacer{height:100%}.e-con-inner>.elementor-widget-spacer>.elementor-widget-container>.elementor-spacer>.elementor-spacer-inner,.e-con>.elementor-widget-spacer>.elementor-widget-container>.elementor-spacer>.elementor-spacer-inner{height:var(--container-widget-height,var(--spacer-size))}<\/style>\t\t<div class=\"elementor-spacer\">\n\t\t\t<div class=\"elementor-spacer-inner\"><\/div>\n\t\t<\/div>\n\t\t\t\t<\/div>\n\t\t\t\t<\/div>\n\t\t\t\t<div class=\"elementor-element elementor-element-5859250 elementor-widget elementor-widget-image\" data-id=\"5859250\" data-element_type=\"widget\" data-widget_type=\"image.default\">\n\t\t\t\t<div class=\"elementor-widget-container\">\n\t\t\t<style>\/*! elementor - v3.12.1 - 02-04-2023 *\/\n.elementor-widget-image{text-align:center}.elementor-widget-image a{display:inline-block}.elementor-widget-image a img[src$=\".svg\"]{width:48px}.elementor-widget-image img{vertical-align:middle;display:inline-block}<\/style>\t\t\t\t\t\t\t\t\t\t\t\t<img loading=\"lazy\" decoding=\"async\" width=\"1211\" height=\"598\" src=\"https:\/\/cliniquedutilleul.vet\/wp-content\/uploads\/2023\/02\/image-e1677770749969.png\" class=\"attachment-1536x1536 size-1536x1536 wp-image-12548\" alt=\"\" srcset=\"https:\/\/cliniquedutilleul.vet\/wp-content\/uploads\/2023\/02\/image-e1677770749969.png 1211w, https:\/\/cliniquedutilleul.vet\/wp-content\/uploads\/2023\/02\/image-e1677770749969-300x148.png 300w, https:\/\/cliniquedutilleul.vet\/wp-content\/uploads\/2023\/02\/image-e1677770749969-1024x506.png 1024w, https:\/\/cliniquedutilleul.vet\/wp-content\/uploads\/2023\/02\/image-e1677770749969-768x379.png 768w, https:\/\/cliniquedutilleul.vet\/wp-content\/uploads\/2023\/02\/image-e1677770749969-600x296.png 600w\" sizes=\"auto, (max-width: 1211px) 100vw, 1211px\" \/>\t\t\t\t\t\t\t\t\t\t\t\t\t\t\t<\/div>\n\t\t\t\t<\/div>\n\t\t\t\t\t<\/div>\n\t\t<\/div>\n\t\t\t\t\t\t\t<\/div>\n\t\t<\/section>\n\t\t\t\t\t\t\t<\/div>\n\t\t","protected":false},"excerpt":{"rendered":"<p>Nos services et tarifs M\u00e9decine g\u00e9n\u00e9rale Si vous constatez quoi que ce soit qui vous inqui\u00e8te chez votre compagnon, notre \u00e9quipe est l\u00e0 pour vous accueillir. Voir M\u00e9decine pr\u00e9ventive La vaccination annuelle est le moyen le plus simple de prot\u00e9ger votre animal de compagnie et de contr\u00f4ler ann\u00e9e apr\u00e8s ann\u00e9e son \u00e9tat de sant\u00e9. Voir&#8230;<\/p>\n","protected":false},"author":2,"featured_media":0,"parent":0,"menu_order":0,"comment_status":"closed","ping_status":"closed","template":"","meta":{"_tbt_post_transparent":"","_tbt_post_title":"default","_tbt_post_layout":"default","_tbt_post_sidebar_id":"","_tbt_post_content_style":"default","_tbt_post_vertical_padding":"default","_tbt_post_feature":"default","_tbt_post_feature_position":"","_tbt_post_header":false,"_tbt_post_footer":false},"class_list":["post-11056","page","type-page","status-publish","hentry"],"_links":{"self":[{"href":"https:\/\/cliniquedutilleul.vet\/index.php\/wp-json\/wp\/v2\/pages\/11056","targetHints":{"allow":["GET"]}}],"collection":[{"href":"https:\/\/cliniquedutilleul.vet\/index.php\/wp-json\/wp\/v2\/pages"}],"about":[{"href":"https:\/\/cliniquedutilleul.vet\/index.php\/wp-json\/wp\/v2\/types\/page"}],"author":[{"embeddable":true,"href":"https:\/\/cliniquedutilleul.vet\/index.php\/wp-json\/wp\/v2\/users\/2"}],"replies":[{"embeddable":true,"href":"https:\/\/cliniquedutilleul.vet\/index.php\/wp-json\/wp\/v2\/comments?post=11056"}],"version-history":[{"count":23,"href":"https:\/\/cliniquedutilleul.vet\/index.php\/wp-json\/wp\/v2\/pages\/11056\/revisions"}],"predecessor-version":[{"id":12985,"href":"https:\/\/cliniquedutilleul.vet\/index.php\/wp-json\/wp\/v2\/pages\/11056\/revisions\/12985"}],"wp:attachment":[{"href":"https:\/\/cliniquedutilleul.vet\/index.php\/wp-json\/wp\/v2\/media?parent=11056"}],"curies":[{"name":"wp","href":"https:\/\/api.w.org\/{rel}","templated":true}]}}